{"id":721,"date":"2024-12-03T10:47:00","date_gmt":"2024-12-03T10:47:00","guid":{"rendered":"https:\/\/raiman.pl\/?page_id=721"},"modified":"2024-12-04T10:43:26","modified_gmt":"2024-12-04T10:43:26","slug":"kompleksowa-modernizacja-amoniakalnych-agregatow","status":"publish","type":"page","link":"https:\/\/raiman.pl\/index.php\/kompleksowa-modernizacja-amoniakalnych-agregatow\/","title":{"rendered":"Kompleksowa modernizacja amoniakalnych  agregat\u00f3w"},"content":{"rendered":"\t\t<div data-elementor-type=\"wp-page\" data-elementor-id=\"721\" class=\"elementor elementor-721\" data-elementor-settings=\"[]\">\n\t\t\t\t\t\t<div class=\"elementor-inner\">\n\t\t\t\t\t\t\t<div class=\"elementor-section-wrap\">\n\t\t\t\t\t\t\t<section data-particle_enable=\"false\" data-particle-mobile-disabled=\"false\" class=\"elementor-section elementor-top-section elementor-element elementor-element-96ab194 elementor-section-boxed elementor-section-height-default elementor-section-height-default\" data-id=\"96ab194\" data-element_type=\"section\" data-settings=\"{&quot;_ha_eqh_enable&quot;:false}\">\n\t\t\t\t\t\t<div class=\"elementor-container elementor-column-gap-default\">\n\t\t\t\t\t\t\t<div class=\"elementor-row\">\n\t\t\t\t\t<div class=\"elementor-column elementor-col-100 elementor-top-column elementor-element elementor-element-86fac77\" data-id=\"86fac77\" data-element_type=\"column\">\n\t\t\t<div class=\"elementor-column-wrap elementor-element-populated\">\n\t\t\t\t\t\t\t<div class=\"elementor-widget-wrap\">\n\t\t\t\t\t\t<div class=\"elementor-element elementor-element-548f8a8 elementor-hidden-tablet elementor-hidden-mobile eael-divider-center elementor-widget elementor-widget-eael-divider\" data-id=\"548f8a8\" data-element_type=\"widget\" data-widget_type=\"eael-divider.default\">\n\t\t\t\t<div class=\"elementor-widget-container\">\n\t\t\t\t\t<div class=\"eael-divider-wrap divider-direction-horizontal\">\n\t\t\t\t\t\t\t<div class=\"divider-text-container\">\n\t\t\t\t\t<div class=\"divider-text-wrap\">\n\t\t\t\t\t\t\t\t\t\t\t\t\t<span class=\"divider-border-wrap divider-border-left\">\n\t\t\t\t\t\t\t\t<span class=\"divider-border\"><\/span>\n\t\t\t\t\t\t\t<\/span>\n\t\t\t\t\t\t\t\t\t\t\t\t<span class=\"eael-divider-content\">\n\t\t\t\t\t\t\t\t\t\t\t\t\t\t\t<div class=\"eael-divider-text\">Kompleksowa modernizacja amoniakalnych agregat\u00f3w ch\u0142odniczych<\/div>\t\t\t\t\t\t\t\t\t\t\t\t\t<\/span>\n\t\t\t\t\t\t\t\t\t\t\t\t\t<span class=\"divider-border-wrap divider-border-right\">\n\t\t\t\t\t\t\t\t<span class=\"divider-border\"><\/span>\n\t\t\t\t\t\t\t<\/span>\n\t\t\t\t\t\t\t\t\t\t\t<\/div>\n\t\t\t\t<\/div>\n\t\t\t\t\t<\/div>\n\t\t<\/div>\n\t\t\t\t<\/div>\n\t\t\t\t<div class=\"elementor-element elementor-element-c4b00e2 elementor-hidden-desktop elementor-widget elementor-widget-heading\" data-id=\"c4b00e2\" data-element_type=\"widget\" data-widget_type=\"heading.default\">\n\t\t\t\t<div class=\"elementor-widget-container\">\n\t\t\t<h2 class=\"elementor-heading-title elementor-size-default\">Kompleksowa modernizacja amoniakalnych  agregat\u00f3w<\/h2>\t\t<\/div>\n\t\t\t\t<\/div>\n\t\t\t\t\t\t<\/div>\n\t\t\t\t\t<\/div>\n\t\t<\/div>\n\t\t\t\t\t\t\t\t<\/div>\n\t\t\t\t\t<\/div>\n\t\t<\/section>\n\t\t\t\t<section data-particle_enable=\"false\" data-particle-mobile-disabled=\"false\" class=\"elementor-section elementor-top-section elementor-element elementor-element-316f797 elementor-section-boxed elementor-section-height-default elementor-section-height-default\" data-id=\"316f797\" data-element_type=\"section\" data-settings=\"{&quot;_ha_eqh_enable&quot;:false}\">\n\t\t\t\t\t\t<div class=\"elementor-container elementor-column-gap-default\">\n\t\t\t\t\t\t\t<div class=\"elementor-row\">\n\t\t\t\t\t<div class=\"elementor-column elementor-col-50 elementor-top-column elementor-element elementor-element-f301a31\" data-id=\"f301a31\" data-element_type=\"column\">\n\t\t\t<div class=\"elementor-column-wrap elementor-element-populated\">\n\t\t\t\t\t\t\t<div class=\"elementor-widget-wrap\">\n\t\t\t\t\t\t<div class=\"elementor-element elementor-element-3d5901f elementor-widget elementor-widget-image\" data-id=\"3d5901f\" data-element_type=\"widget\" data-widget_type=\"image.default\">\n\t\t\t\t<div class=\"elementor-widget-container\">\n\t\t\t\t\t\t\t\t<div class=\"elementor-image\">\n\t\t\t\t\t\t\t\t\t\t\t\t<img width=\"800\" height=\"600\" src=\"https:\/\/raiman.pl\/wp-content\/uploads\/2024\/12\/panel-sterujacy-po-wymianie.jpg\" class=\"attachment-large size-large\" alt=\"\" loading=\"lazy\" srcset=\"https:\/\/raiman.pl\/wp-content\/uploads\/2024\/12\/panel-sterujacy-po-wymianie.jpg 1024w, https:\/\/raiman.pl\/wp-content\/uploads\/2024\/12\/panel-sterujacy-po-wymianie-300x225.jpg 300w, https:\/\/raiman.pl\/wp-content\/uploads\/2024\/12\/panel-sterujacy-po-wymianie-768x576.jpg 768w\" sizes=\"(max-width: 800px) 100vw, 800px\" \/>\t\t\t\t\t\t\t\t\t\t\t\t\t\t<\/div>\n\t\t\t\t\t\t<\/div>\n\t\t\t\t<\/div>\n\t\t\t\t\t\t<\/div>\n\t\t\t\t\t<\/div>\n\t\t<\/div>\n\t\t\t\t<div class=\"elementor-column elementor-col-50 elementor-top-column elementor-element elementor-element-fa84526\" data-id=\"fa84526\" data-element_type=\"column\">\n\t\t\t<div class=\"elementor-column-wrap elementor-element-populated\">\n\t\t\t\t\t\t\t<div class=\"elementor-widget-wrap\">\n\t\t\t\t\t\t<div class=\"elementor-element elementor-element-a58506c elementor-widget elementor-widget-text-editor\" data-id=\"a58506c\" data-element_type=\"widget\" data-widget_type=\"text-editor.default\">\n\t\t\t\t<div class=\"elementor-widget-container\">\n\t\t\t\t\t\t\t\t<div class=\"elementor-text-editor elementor-clearfix\">\n\t\t\t\t<p>Kompleksowa modernizacja amoniakalnych\u00a0 agregat\u00f3w ch\u0142odniczych dost\u0119pnych na rynku europejskim<\/p><p><strong>Us\u0142uga obejmuje;<\/strong><\/p><ul><li>\u00a0inspekcja i \/ lub remont agregatu oraz silnika.<\/li><li>kwalifikacja i ewentualna wymiana osprz\u0119tu mechanicznego oraz szafy rozruchowej.<\/li><li>wymiana i modernizacja automatyki niskonapi\u0119ciowej\/ przetworniki,elektrozawory,grza\u0142ki itd \/ wraz z okablowaniem.<\/li><li>modernizacja sterowania w oparciu o sterownik Siemens i nowoczesny panel dotykowy serii ,,Comfort,, \/ minimum 7 &#8220;\/.<\/li><\/ul><p><br \/>Sterowanie przygotowujemy w wersji skalowalnej ,kt\u00f3ra pozwala na bazie powy\u017cszego rozwi\u0105zania w prosty spos\u00f3b doda\u0107 i wysterowa\u0107 np maszynownie ch\u0142odnicz\u0105.<\/p><p>W standardzie jest mo\u017cliwo\u015b\u0107 zdalnego dost\u0119pu do panelu operatorskiego z poziomu telefonu lub komputera.<\/p><p>\u00a0<\/p>\t\t\t\t\t<\/div>\n\t\t\t\t\t\t<\/div>\n\t\t\t\t<\/div>\n\t\t\t\t\t\t<\/div>\n\t\t\t\t\t<\/div>\n\t\t<\/div>\n\t\t\t\t\t\t\t\t<\/div>\n\t\t\t\t\t<\/div>\n\t\t<\/section>\n\t\t\t\t<section data-particle_enable=\"false\" data-particle-mobile-disabled=\"false\" class=\"elementor-section elementor-top-section elementor-element elementor-element-5d06868 elementor-section-boxed elementor-section-height-default elementor-section-height-default\" data-id=\"5d06868\" data-element_type=\"section\" data-settings=\"{&quot;_ha_eqh_enable&quot;:false}\">\n\t\t\t\t\t\t<div class=\"elementor-container elementor-column-gap-default\">\n\t\t\t\t\t\t\t<div class=\"elementor-row\">\n\t\t\t\t\t<div class=\"elementor-column elementor-col-100 elementor-top-column elementor-element elementor-element-6c0092c\" data-id=\"6c0092c\" data-element_type=\"column\">\n\t\t\t<div class=\"elementor-column-wrap elementor-element-populated\">\n\t\t\t\t\t\t\t<div class=\"elementor-widget-wrap\">\n\t\t\t\t\t\t<div class=\"elementor-element elementor-element-a8b4909 elementor-widget elementor-widget-gallery\" data-id=\"a8b4909\" data-element_type=\"widget\" data-settings=\"{&quot;lazyload&quot;:&quot;yes&quot;,&quot;gallery_layout&quot;:&quot;grid&quot;,&quot;columns&quot;:4,&quot;columns_tablet&quot;:2,&quot;columns_mobile&quot;:1,&quot;gap&quot;:{&quot;unit&quot;:&quot;px&quot;,&quot;size&quot;:10,&quot;sizes&quot;:[]},&quot;gap_tablet&quot;:{&quot;unit&quot;:&quot;px&quot;,&quot;size&quot;:10,&quot;sizes&quot;:[]},&quot;gap_mobile&quot;:{&quot;unit&quot;:&quot;px&quot;,&quot;size&quot;:10,&quot;sizes&quot;:[]},&quot;link_to&quot;:&quot;file&quot;,&quot;aspect_ratio&quot;:&quot;3:2&quot;,&quot;overlay_background&quot;:&quot;yes&quot;,&quot;content_hover_animation&quot;:&quot;fade-in&quot;}\" data-widget_type=\"gallery.default\">\n\t\t\t\t<div class=\"elementor-widget-container\">\n\t\t\t\t\t<div class=\"elementor-gallery__container\">\n\t\t\t\t\t\t\t<a class=\"e-gallery-item elementor-gallery-item elementor-animated-content\" href=\"https:\/\/raiman.pl\/wp-content\/uploads\/2024\/12\/przed-modernizacja.jpg\" data-elementor-open-lightbox=\"yes\" data-elementor-lightbox-slideshow=\"all-a8b4909\" data-elementor-lightbox-title=\"przed modernizacj\u0105\">\n\t\t\t\t\t<div class=\"e-gallery-image elementor-gallery-item__image\" data-thumbnail=\"https:\/\/raiman.pl\/wp-content\/uploads\/2024\/12\/przed-modernizacja.jpg\" data-width=\"1024\" data-height=\"768\" alt=\"\" ><\/div>\n\t\t\t\t\t\t\t\t\t\t\t<div class=\"elementor-gallery-item__overlay\"><\/div>\n\t\t\t\t\t\t\t\t\t\t\t\t\t\t<\/a>\n\t\t\t\t\t\t\t<a class=\"e-gallery-item elementor-gallery-item elementor-animated-content\" href=\"https:\/\/raiman.pl\/wp-content\/uploads\/2024\/12\/widok-panelu-sterujacego.jpg\" data-elementor-open-lightbox=\"yes\" data-elementor-lightbox-slideshow=\"all-a8b4909\" data-elementor-lightbox-title=\"widok panelu steruj\u0105cego\">\n\t\t\t\t\t<div class=\"e-gallery-image elementor-gallery-item__image\" data-thumbnail=\"https:\/\/raiman.pl\/wp-content\/uploads\/2024\/12\/widok-panelu-sterujacego.jpg\" data-width=\"1024\" data-height=\"768\" alt=\"\" ><\/div>\n\t\t\t\t\t\t\t\t\t\t\t<div class=\"elementor-gallery-item__overlay\"><\/div>\n\t\t\t\t\t\t\t\t\t\t\t\t\t\t<\/a>\n\t\t\t\t\t\t\t<a class=\"e-gallery-item elementor-gallery-item elementor-animated-content\" href=\"https:\/\/raiman.pl\/wp-content\/uploads\/2024\/12\/wnetrze-szafki-sterujacej.jpg\" data-elementor-open-lightbox=\"yes\" data-elementor-lightbox-slideshow=\"all-a8b4909\" data-elementor-lightbox-title=\"wn\u0119trze szafki steruj\u0105cej\">\n\t\t\t\t\t<div class=\"e-gallery-image elementor-gallery-item__image\" data-thumbnail=\"https:\/\/raiman.pl\/wp-content\/uploads\/2024\/12\/wnetrze-szafki-sterujacej.jpg\" data-width=\"576\" data-height=\"768\" alt=\"\" ><\/div>\n\t\t\t\t\t\t\t\t\t\t\t<div class=\"elementor-gallery-item__overlay\"><\/div>\n\t\t\t\t\t\t\t\t\t\t\t\t\t\t<\/a>\n\t\t\t\t\t\t\t<a class=\"e-gallery-item elementor-gallery-item elementor-animated-content\" href=\"https:\/\/raiman.pl\/wp-content\/uploads\/2024\/12\/szafka-sterujaca-zamontowana-na-agregacie.jpg\" data-elementor-open-lightbox=\"yes\" data-elementor-lightbox-slideshow=\"all-a8b4909\" data-elementor-lightbox-title=\"szafka steruj\u0105ca zamontowana na agregacie\">\n\t\t\t\t\t<div class=\"e-gallery-image elementor-gallery-item__image\" data-thumbnail=\"https:\/\/raiman.pl\/wp-content\/uploads\/2024\/12\/szafka-sterujaca-zamontowana-na-agregacie.jpg\" data-width=\"576\" data-height=\"768\" alt=\"\" ><\/div>\n\t\t\t\t\t\t\t\t\t\t\t<div class=\"elementor-gallery-item__overlay\"><\/div>\n\t\t\t\t\t\t\t\t\t\t\t\t\t\t<\/a>\n\t\t\t\t\t<\/div>\n\t\t\t<\/div>\n\t\t\t\t<\/div>\n\t\t\t\t\t\t<\/div>\n\t\t\t\t\t<\/div>\n\t\t<\/div>\n\t\t\t\t\t\t\t\t<\/div>\n\t\t\t\t\t<\/div>\n\t\t<\/section>\n\t\t\t\t\t\t<\/div>\n\t\t\t\t\t\t<\/div>\n\t\t\t\t\t<\/div>\n\t\t","protected":false},"excerpt":{"rendered":"<p>Kompleksowa modernizacja amoniakalnych agregat\u00f3w ch\u0142odniczych Kompleksowa modernizacja amoniakalnych\u00a0 agregat\u00f3w ch\u0142odniczych dost\u0119pnych na rynku europejskim Us\u0142uga obejmuje; \u00a0inspekcja i \/ lub remont agregatu oraz silnika. kwalifikacja i ewentualna wymiana osprz\u0119tu mechanicznego oraz szafy rozruchowej. wymiana i modernizacja automatyki niskonapi\u0119ciowej\/ przetworniki,elektrozawory,grza\u0142ki itd \/ wraz z okablowaniem. modernizacja sterowania w oparciu o sterownik Siemens i nowoczesny panel dotykowy [&hellip;]<\/p>\n","protected":false},"author":1,"featured_media":0,"parent":0,"menu_order":0,"comment_status":"closed","ping_status":"closed","template":"elementor_header_footer","meta":[],"yoast_head":"<!-- This site is optimized with the Yoast SEO Premium plugin v16.9 (Yoast SEO v16.9) - https:\/\/yoast.com\/wordpress\/plugins\/seo\/ -->\n<title>Kompleksowa modernizacja amoniakalnych agregat\u00f3w - Systemy Ch\u0142odnicze i Klimatyzacyjne<\/title>\n<meta name=\"robots\" content=\"index, follow, max-snippet:-1, max-image-preview:large, max-video-preview:-1\" \/>\n<link rel=\"canonical\" href=\"https:\/\/raiman.pl\/index.php\/kompleksowa-modernizacja-amoniakalnych-agregatow\/\" \/>\n<meta property=\"og:locale\" content=\"pl_PL\" \/>\n<meta property=\"og:type\" content=\"article\" \/>\n<meta property=\"og:title\" content=\"Kompleksowa modernizacja amoniakalnych agregat\u00f3w\" \/>\n<meta property=\"og:description\" content=\"Kompleksowa modernizacja amoniakalnych agregat\u00f3w ch\u0142odniczych Kompleksowa modernizacja amoniakalnych\u00a0 agregat\u00f3w ch\u0142odniczych dost\u0119pnych na rynku europejskim Us\u0142uga obejmuje; \u00a0inspekcja i \/ lub remont agregatu oraz silnika. kwalifikacja i ewentualna wymiana osprz\u0119tu mechanicznego oraz szafy rozruchowej. wymiana i modernizacja automatyki niskonapi\u0119ciowej\/ przetworniki,elektrozawory,grza\u0142ki itd \/ wraz z okablowaniem. modernizacja sterowania w oparciu o sterownik Siemens i nowoczesny panel dotykowy [&hellip;]\" \/>\n<meta property=\"og:url\" content=\"https:\/\/raiman.pl\/index.php\/kompleksowa-modernizacja-amoniakalnych-agregatow\/\" \/>\n<meta property=\"og:site_name\" content=\"Systemy Ch\u0142odnicze i Klimatyzacyjne\" \/>\n<meta property=\"article:modified_time\" content=\"2024-12-04T10:43:26+00:00\" \/>\n<meta property=\"og:image\" content=\"https:\/\/raiman.pl\/wp-content\/uploads\/2024\/12\/panel-sterujacy-po-wymianie.jpg\" \/>\n<meta name=\"twitter:card\" content=\"summary_large_image\" \/>\n<meta name=\"twitter:label1\" content=\"Szacowany czas czytania\" \/>\n\t<meta name=\"twitter:data1\" content=\"1 minuta\" \/>\n<script type=\"application\/ld+json\" class=\"yoast-schema-graph\">{\"@context\":\"https:\/\/schema.org\",\"@graph\":[{\"@type\":\"WebSite\",\"@id\":\"https:\/\/raiman.pl\/#website\",\"url\":\"https:\/\/raiman.pl\/\",\"name\":\"Systemy Ch\\u0142odnicze i Klimatyzacyjne\",\"description\":\"Marek Raiman\",\"potentialAction\":[{\"@type\":\"SearchAction\",\"target\":{\"@type\":\"EntryPoint\",\"urlTemplate\":\"https:\/\/raiman.pl\/?s={search_term_string}\"},\"query-input\":\"required name=search_term_string\"}],\"inLanguage\":\"pl-PL\"},{\"@type\":\"ImageObject\",\"@id\":\"https:\/\/raiman.pl\/index.php\/kompleksowa-modernizacja-amoniakalnych-agregatow\/#primaryimage\",\"inLanguage\":\"pl-PL\",\"url\":\"https:\/\/raiman.pl\/wp-content\/uploads\/2024\/12\/panel-sterujacy-po-wymianie.jpg\",\"contentUrl\":\"https:\/\/raiman.pl\/wp-content\/uploads\/2024\/12\/panel-sterujacy-po-wymianie.jpg\",\"width\":1024,\"height\":768},{\"@type\":\"WebPage\",\"@id\":\"https:\/\/raiman.pl\/index.php\/kompleksowa-modernizacja-amoniakalnych-agregatow\/#webpage\",\"url\":\"https:\/\/raiman.pl\/index.php\/kompleksowa-modernizacja-amoniakalnych-agregatow\/\",\"name\":\"Kompleksowa modernizacja amoniakalnych agregat\\u00f3w - Systemy Ch\\u0142odnicze i Klimatyzacyjne\",\"isPartOf\":{\"@id\":\"https:\/\/raiman.pl\/#website\"},\"primaryImageOfPage\":{\"@id\":\"https:\/\/raiman.pl\/index.php\/kompleksowa-modernizacja-amoniakalnych-agregatow\/#primaryimage\"},\"datePublished\":\"2024-12-03T10:47:00+00:00\",\"dateModified\":\"2024-12-04T10:43:26+00:00\",\"breadcrumb\":{\"@id\":\"https:\/\/raiman.pl\/index.php\/kompleksowa-modernizacja-amoniakalnych-agregatow\/#breadcrumb\"},\"inLanguage\":\"pl-PL\",\"potentialAction\":[{\"@type\":\"ReadAction\",\"target\":[\"https:\/\/raiman.pl\/index.php\/kompleksowa-modernizacja-amoniakalnych-agregatow\/\"]}]},{\"@type\":\"BreadcrumbList\",\"@id\":\"https:\/\/raiman.pl\/index.php\/kompleksowa-modernizacja-amoniakalnych-agregatow\/#breadcrumb\",\"itemListElement\":[{\"@type\":\"ListItem\",\"position\":1,\"name\":\"Home\",\"item\":\"https:\/\/raiman.pl\/\"},{\"@type\":\"ListItem\",\"position\":2,\"name\":\"Kompleksowa modernizacja amoniakalnych agregat\\u00f3w\"}]}]}<\/script>\n<!-- \/ Yoast SEO Premium plugin. -->","yoast_head_json":{"title":"Kompleksowa modernizacja amoniakalnych agregat\u00f3w - Systemy Ch\u0142odnicze i Klimatyzacyjne","robots":{"index":"index","follow":"follow","max-snippet":"max-snippet:-1","max-image-preview":"max-image-preview:large","max-video-preview":"max-video-preview:-1"},"canonical":"https:\/\/raiman.pl\/index.php\/kompleksowa-modernizacja-amoniakalnych-agregatow\/","og_locale":"pl_PL","og_type":"article","og_title":"Kompleksowa modernizacja amoniakalnych agregat\u00f3w","og_description":"Kompleksowa modernizacja amoniakalnych agregat\u00f3w ch\u0142odniczych Kompleksowa modernizacja amoniakalnych\u00a0 agregat\u00f3w ch\u0142odniczych dost\u0119pnych na rynku europejskim Us\u0142uga obejmuje; \u00a0inspekcja i \/ lub remont agregatu oraz silnika. kwalifikacja i ewentualna wymiana osprz\u0119tu mechanicznego oraz szafy rozruchowej. wymiana i modernizacja automatyki niskonapi\u0119ciowej\/ przetworniki,elektrozawory,grza\u0142ki itd \/ wraz z okablowaniem. modernizacja sterowania w oparciu o sterownik Siemens i nowoczesny panel dotykowy [&hellip;]","og_url":"https:\/\/raiman.pl\/index.php\/kompleksowa-modernizacja-amoniakalnych-agregatow\/","og_site_name":"Systemy Ch\u0142odnicze i Klimatyzacyjne","article_modified_time":"2024-12-04T10:43:26+00:00","og_image":[{"url":"https:\/\/raiman.pl\/wp-content\/uploads\/2024\/12\/panel-sterujacy-po-wymianie.jpg"}],"twitter_card":"summary_large_image","twitter_misc":{"Szacowany czas czytania":"1 minuta"},"schema":{"@context":"https:\/\/schema.org","@graph":[{"@type":"WebSite","@id":"https:\/\/raiman.pl\/#website","url":"https:\/\/raiman.pl\/","name":"Systemy Ch\u0142odnicze i Klimatyzacyjne","description":"Marek Raiman","potentialAction":[{"@type":"SearchAction","target":{"@type":"EntryPoint","urlTemplate":"https:\/\/raiman.pl\/?s={search_term_string}"},"query-input":"required name=search_term_string"}],"inLanguage":"pl-PL"},{"@type":"ImageObject","@id":"https:\/\/raiman.pl\/index.php\/kompleksowa-modernizacja-amoniakalnych-agregatow\/#primaryimage","inLanguage":"pl-PL","url":"https:\/\/raiman.pl\/wp-content\/uploads\/2024\/12\/panel-sterujacy-po-wymianie.jpg","contentUrl":"https:\/\/raiman.pl\/wp-content\/uploads\/2024\/12\/panel-sterujacy-po-wymianie.jpg","width":1024,"height":768},{"@type":"WebPage","@id":"https:\/\/raiman.pl\/index.php\/kompleksowa-modernizacja-amoniakalnych-agregatow\/#webpage","url":"https:\/\/raiman.pl\/index.php\/kompleksowa-modernizacja-amoniakalnych-agregatow\/","name":"Kompleksowa modernizacja amoniakalnych agregat\u00f3w - Systemy Ch\u0142odnicze i Klimatyzacyjne","isPartOf":{"@id":"https:\/\/raiman.pl\/#website"},"primaryImageOfPage":{"@id":"https:\/\/raiman.pl\/index.php\/kompleksowa-modernizacja-amoniakalnych-agregatow\/#primaryimage"},"datePublished":"2024-12-03T10:47:00+00:00","dateModified":"2024-12-04T10:43:26+00:00","breadcrumb":{"@id":"https:\/\/raiman.pl\/index.php\/kompleksowa-modernizacja-amoniakalnych-agregatow\/#breadcrumb"},"inLanguage":"pl-PL","potentialAction":[{"@type":"ReadAction","target":["https:\/\/raiman.pl\/index.php\/kompleksowa-modernizacja-amoniakalnych-agregatow\/"]}]},{"@type":"BreadcrumbList","@id":"https:\/\/raiman.pl\/index.php\/kompleksowa-modernizacja-amoniakalnych-agregatow\/#breadcrumb","itemListElement":[{"@type":"ListItem","position":1,"name":"Home","item":"https:\/\/raiman.pl\/"},{"@type":"ListItem","position":2,"name":"Kompleksowa modernizacja amoniakalnych agregat\u00f3w"}]}]}},"_links":{"self":[{"href":"https:\/\/raiman.pl\/index.php\/wp-json\/wp\/v2\/pages\/721"}],"collection":[{"href":"https:\/\/raiman.pl\/index.php\/wp-json\/wp\/v2\/pages"}],"about":[{"href":"https:\/\/raiman.pl\/index.php\/wp-json\/wp\/v2\/types\/page"}],"author":[{"embeddable":true,"href":"https:\/\/raiman.pl\/index.php\/wp-json\/wp\/v2\/users\/1"}],"replies":[{"embeddable":true,"href":"https:\/\/raiman.pl\/index.php\/wp-json\/wp\/v2\/comments?post=721"}],"version-history":[{"count":16,"href":"https:\/\/raiman.pl\/index.php\/wp-json\/wp\/v2\/pages\/721\/revisions"}],"predecessor-version":[{"id":786,"href":"https:\/\/raiman.pl\/index.php\/wp-json\/wp\/v2\/pages\/721\/revisions\/786"}],"wp:attachment":[{"href":"https:\/\/raiman.pl\/index.php\/wp-json\/wp\/v2\/media?parent=721"}],"curies":[{"name":"wp","href":"https:\/\/api.w.org\/{rel}","templated":true}]}}