{"id":151,"date":"2021-12-21T13:20:59","date_gmt":"2021-12-21T13:20:59","guid":{"rendered":"https:\/\/raiman.pl\/?page_id=151"},"modified":"2022-02-02T08:03:45","modified_gmt":"2022-02-02T08:03:45","slug":"przeglady-i-naprawy-sprezarek-chlodniczych","status":"publish","type":"page","link":"https:\/\/raiman.pl\/index.php\/przeglady-i-naprawy-sprezarek-chlodniczych\/","title":{"rendered":"Przegl\u0105dy i naprawy spr\u0119\u017carek ch\u0142odniczych"},"content":{"rendered":"\t\t<div data-elementor-type=\"wp-page\" data-elementor-id=\"151\" class=\"elementor elementor-151\" data-elementor-settings=\"[]\">\n\t\t\t\t\t\t<div class=\"elementor-inner\">\n\t\t\t\t\t\t\t<div class=\"elementor-section-wrap\">\n\t\t\t\t\t\t\t<section data-particle_enable=\"false\" data-particle-mobile-disabled=\"false\" class=\"elementor-section elementor-top-section elementor-element elementor-element-47c3e83 elementor-section-boxed elementor-section-height-default elementor-section-height-default\" data-id=\"47c3e83\" data-element_type=\"section\" data-settings=\"{&quot;_ha_eqh_enable&quot;:false}\">\n\t\t\t\t\t\t<div class=\"elementor-container elementor-column-gap-default\">\n\t\t\t\t\t\t\t<div class=\"elementor-row\">\n\t\t\t\t\t<div class=\"elementor-column elementor-col-100 elementor-top-column elementor-element elementor-element-f049b78\" data-id=\"f049b78\" data-element_type=\"column\">\n\t\t\t<div class=\"elementor-column-wrap elementor-element-populated\">\n\t\t\t\t\t\t\t<div class=\"elementor-widget-wrap\">\n\t\t\t\t\t\t<div class=\"elementor-element elementor-element-377dff0 elementor-hidden-tablet elementor-hidden-mobile eael-divider-center elementor-widget elementor-widget-eael-divider\" data-id=\"377dff0\" data-element_type=\"widget\" data-widget_type=\"eael-divider.default\">\n\t\t\t\t<div class=\"elementor-widget-container\">\n\t\t\t\t\t<div class=\"eael-divider-wrap divider-direction-horizontal\">\n\t\t\t\t\t\t\t<div class=\"divider-text-container\">\n\t\t\t\t\t<div class=\"divider-text-wrap\">\n\t\t\t\t\t\t\t\t\t\t\t\t\t<span class=\"divider-border-wrap divider-border-left\">\n\t\t\t\t\t\t\t\t<span class=\"divider-border\"><\/span>\n\t\t\t\t\t\t\t<\/span>\n\t\t\t\t\t\t\t\t\t\t\t\t<span class=\"eael-divider-content\">\n\t\t\t\t\t\t\t\t\t\t\t\t\t\t\t<div class=\"eael-divider-text\">Przegl\u0105dy i naprawy spr\u0119\u017carek ch\u0142odniczych<\/div>\t\t\t\t\t\t\t\t\t\t\t\t\t<\/span>\n\t\t\t\t\t\t\t\t\t\t\t\t\t<span class=\"divider-border-wrap divider-border-right\">\n\t\t\t\t\t\t\t\t<span class=\"divider-border\"><\/span>\n\t\t\t\t\t\t\t<\/span>\n\t\t\t\t\t\t\t\t\t\t\t<\/div>\n\t\t\t\t<\/div>\n\t\t\t\t\t<\/div>\n\t\t<\/div>\n\t\t\t\t<\/div>\n\t\t\t\t<div class=\"elementor-element elementor-element-81c55e7 elementor-hidden-desktop elementor-widget elementor-widget-heading\" data-id=\"81c55e7\" data-element_type=\"widget\" data-widget_type=\"heading.default\">\n\t\t\t\t<div class=\"elementor-widget-container\">\n\t\t\t<h2 class=\"elementor-heading-title elementor-size-default\">Przegl\u0105dy i naprawy spr\u0119\u017carek ch\u0142odniczych<\/h2>\t\t<\/div>\n\t\t\t\t<\/div>\n\t\t\t\t\t\t<\/div>\n\t\t\t\t\t<\/div>\n\t\t<\/div>\n\t\t\t\t\t\t\t\t<\/div>\n\t\t\t\t\t<\/div>\n\t\t<\/section>\n\t\t\t\t<section data-particle_enable=\"false\" data-particle-mobile-disabled=\"false\" class=\"elementor-section elementor-top-section elementor-element elementor-element-c853600 elementor-section-boxed elementor-section-height-default elementor-section-height-default\" data-id=\"c853600\" data-element_type=\"section\" data-settings=\"{&quot;_ha_eqh_enable&quot;:false}\">\n\t\t\t\t\t\t<div class=\"elementor-container elementor-column-gap-default\">\n\t\t\t\t\t\t\t<div class=\"elementor-row\">\n\t\t\t\t\t<div class=\"elementor-column elementor-col-50 elementor-top-column elementor-element elementor-element-5683f06\" data-id=\"5683f06\" data-element_type=\"column\">\n\t\t\t<div class=\"elementor-column-wrap elementor-element-populated\">\n\t\t\t\t\t\t\t<div class=\"elementor-widget-wrap\">\n\t\t\t\t\t\t<div class=\"elementor-element elementor-element-d8bd508 elementor-widget elementor-widget-image\" data-id=\"d8bd508\" data-element_type=\"widget\" data-widget_type=\"image.default\">\n\t\t\t\t<div class=\"elementor-widget-container\">\n\t\t\t\t\t\t\t\t<div class=\"elementor-image\">\n\t\t\t\t\t\t\t\t\t\t\t\t<img width=\"800\" height=\"500\" src=\"https:\/\/raiman.pl\/wp-content\/uploads\/2022\/01\/Przeglady-i-naprawy-sprezarek-chlodniczych.jpg\" class=\"attachment-large size-large\" alt=\"\" loading=\"lazy\" srcset=\"https:\/\/raiman.pl\/wp-content\/uploads\/2022\/01\/Przeglady-i-naprawy-sprezarek-chlodniczych.jpg 800w, https:\/\/raiman.pl\/wp-content\/uploads\/2022\/01\/Przeglady-i-naprawy-sprezarek-chlodniczych-300x188.jpg 300w, https:\/\/raiman.pl\/wp-content\/uploads\/2022\/01\/Przeglady-i-naprawy-sprezarek-chlodniczych-768x480.jpg 768w\" sizes=\"(max-width: 800px) 100vw, 800px\" \/>\t\t\t\t\t\t\t\t\t\t\t\t\t\t<\/div>\n\t\t\t\t\t\t<\/div>\n\t\t\t\t<\/div>\n\t\t\t\t\t\t<\/div>\n\t\t\t\t\t<\/div>\n\t\t<\/div>\n\t\t\t\t<div class=\"elementor-column elementor-col-50 elementor-top-column elementor-element elementor-element-2f570d4\" data-id=\"2f570d4\" data-element_type=\"column\">\n\t\t\t<div class=\"elementor-column-wrap elementor-element-populated\">\n\t\t\t\t\t\t\t<div class=\"elementor-widget-wrap\">\n\t\t\t\t\t\t<div class=\"elementor-element elementor-element-aeef2eb elementor-widget elementor-widget-text-editor\" data-id=\"aeef2eb\" data-element_type=\"widget\" data-widget_type=\"text-editor.default\">\n\t\t\t\t<div class=\"elementor-widget-container\">\n\t\t\t\t\t\t\t\t<div class=\"elementor-text-editor elementor-clearfix\">\n\t\t\t\t<p>Wykonujemy przegl\u0105dy oraz naprawy bie\u017c\u0105ce i g\u0142\u00f3wne spr\u0119\u017carek ch\u0142odniczych, t\u0142okowych oraz \u015brubowych, ze szczeg\u00f3lnym uwzgl\u0119dnieniem urz\u0105dz\u0119\u0144 GEA, GRASSO. Posiadamy cz\u0119\u015bci oryginalne oraz wysokiej klasy zamienniki.<\/p><p>W zale\u017cno\u015bci od typu spr\u0119\u017carki, warunk\u00f3w pracy, stanu technicznego dokonujemy przegl\u0105d\u00f3w oraz napraw zgodnie z zaleceniami producent\u00f3w urz\u0105dze\u0144. Uwzgl\u0119dniamy i na bie\u017c\u0105co monitorujemy stan zu\u017cycia cz\u0119\u015bci. Weryfikujemy cz\u0119\u015bci podczas naprawy. S\u0142u\u017cymy pomoc\u0105 w zakupie cz\u0119\u015bci zamiennych.\u00a0<\/p>\t\t\t\t\t<\/div>\n\t\t\t\t\t\t<\/div>\n\t\t\t\t<\/div>\n\t\t\t\t\t\t<\/div>\n\t\t\t\t\t<\/div>\n\t\t<\/div>\n\t\t\t\t\t\t\t\t<\/div>\n\t\t\t\t\t<\/div>\n\t\t<\/section>\n\t\t\t\t\t\t<\/div>\n\t\t\t\t\t\t<\/div>\n\t\t\t\t\t<\/div>\n\t\t","protected":false},"excerpt":{"rendered":"<p>Przegl\u0105dy i naprawy spr\u0119\u017carek ch\u0142odniczych Wykonujemy przegl\u0105dy oraz naprawy bie\u017c\u0105ce i g\u0142\u00f3wne spr\u0119\u017carek ch\u0142odniczych, t\u0142okowych oraz \u015brubowych, ze szczeg\u00f3lnym uwzgl\u0119dnieniem urz\u0105dz\u0119\u0144 GEA, GRASSO. Posiadamy cz\u0119\u015bci oryginalne oraz wysokiej klasy zamienniki. W zale\u017cno\u015bci od typu spr\u0119\u017carki, warunk\u00f3w pracy, stanu technicznego dokonujemy przegl\u0105d\u00f3w oraz napraw zgodnie z zaleceniami producent\u00f3w urz\u0105dze\u0144. Uwzgl\u0119dniamy i na bie\u017c\u0105co monitorujemy stan zu\u017cycia [&hellip;]<\/p>\n","protected":false},"author":1,"featured_media":0,"parent":0,"menu_order":0,"comment_status":"closed","ping_status":"closed","template":"elementor_header_footer","meta":[],"yoast_head":"<!-- This site is optimized with the Yoast SEO Premium plugin v16.9 (Yoast SEO v16.9) - https:\/\/yoast.com\/wordpress\/plugins\/seo\/ -->\n<title>Przegl\u0105dy i naprawy spr\u0119\u017carek ch\u0142odniczych - Systemy Ch\u0142odnicze i Klimatyzacyjne<\/title>\n<meta name=\"robots\" content=\"index, follow, max-snippet:-1, max-image-preview:large, max-video-preview:-1\" \/>\n<link rel=\"canonical\" href=\"https:\/\/raiman.pl\/index.php\/przeglady-i-naprawy-sprezarek-chlodniczych\/\" \/>\n<meta property=\"og:locale\" content=\"pl_PL\" \/>\n<meta property=\"og:type\" content=\"article\" \/>\n<meta property=\"og:title\" content=\"Przegl\u0105dy i naprawy spr\u0119\u017carek ch\u0142odniczych\" \/>\n<meta property=\"og:description\" content=\"Przegl\u0105dy i naprawy spr\u0119\u017carek ch\u0142odniczych Wykonujemy przegl\u0105dy oraz naprawy bie\u017c\u0105ce i g\u0142\u00f3wne spr\u0119\u017carek ch\u0142odniczych, t\u0142okowych oraz \u015brubowych, ze szczeg\u00f3lnym uwzgl\u0119dnieniem urz\u0105dz\u0119\u0144 GEA, GRASSO. Posiadamy cz\u0119\u015bci oryginalne oraz wysokiej klasy zamienniki. W zale\u017cno\u015bci od typu spr\u0119\u017carki, warunk\u00f3w pracy, stanu technicznego dokonujemy przegl\u0105d\u00f3w oraz napraw zgodnie z zaleceniami producent\u00f3w urz\u0105dze\u0144. Uwzgl\u0119dniamy i na bie\u017c\u0105co monitorujemy stan zu\u017cycia [&hellip;]\" \/>\n<meta property=\"og:url\" content=\"https:\/\/raiman.pl\/index.php\/przeglady-i-naprawy-sprezarek-chlodniczych\/\" \/>\n<meta property=\"og:site_name\" content=\"Systemy Ch\u0142odnicze i Klimatyzacyjne\" \/>\n<meta property=\"article:modified_time\" content=\"2022-02-02T08:03:45+00:00\" \/>\n<meta property=\"og:image\" content=\"https:\/\/raiman.pl\/wp-content\/uploads\/2022\/01\/Przeglady-i-naprawy-sprezarek-chlodniczych.jpg\" \/>\n<meta name=\"twitter:card\" content=\"summary_large_image\" \/>\n<meta name=\"twitter:label1\" content=\"Szacowany czas czytania\" \/>\n\t<meta name=\"twitter:data1\" content=\"1 minuta\" \/>\n<script type=\"application\/ld+json\" class=\"yoast-schema-graph\">{\"@context\":\"https:\/\/schema.org\",\"@graph\":[{\"@type\":\"WebSite\",\"@id\":\"https:\/\/raiman.pl\/#website\",\"url\":\"https:\/\/raiman.pl\/\",\"name\":\"Systemy Ch\\u0142odnicze i Klimatyzacyjne\",\"description\":\"Marek Raiman\",\"potentialAction\":[{\"@type\":\"SearchAction\",\"target\":{\"@type\":\"EntryPoint\",\"urlTemplate\":\"https:\/\/raiman.pl\/?s={search_term_string}\"},\"query-input\":\"required name=search_term_string\"}],\"inLanguage\":\"pl-PL\"},{\"@type\":\"ImageObject\",\"@id\":\"https:\/\/raiman.pl\/index.php\/przeglady-i-naprawy-sprezarek-chlodniczych\/#primaryimage\",\"inLanguage\":\"pl-PL\",\"url\":\"https:\/\/raiman.pl\/wp-content\/uploads\/2022\/01\/Przeglady-i-naprawy-sprezarek-chlodniczych.jpg\",\"contentUrl\":\"https:\/\/raiman.pl\/wp-content\/uploads\/2022\/01\/Przeglady-i-naprawy-sprezarek-chlodniczych.jpg\",\"width\":800,\"height\":500},{\"@type\":\"WebPage\",\"@id\":\"https:\/\/raiman.pl\/index.php\/przeglady-i-naprawy-sprezarek-chlodniczych\/#webpage\",\"url\":\"https:\/\/raiman.pl\/index.php\/przeglady-i-naprawy-sprezarek-chlodniczych\/\",\"name\":\"Przegl\\u0105dy i naprawy spr\\u0119\\u017carek ch\\u0142odniczych - Systemy Ch\\u0142odnicze i Klimatyzacyjne\",\"isPartOf\":{\"@id\":\"https:\/\/raiman.pl\/#website\"},\"primaryImageOfPage\":{\"@id\":\"https:\/\/raiman.pl\/index.php\/przeglady-i-naprawy-sprezarek-chlodniczych\/#primaryimage\"},\"datePublished\":\"2021-12-21T13:20:59+00:00\",\"dateModified\":\"2022-02-02T08:03:45+00:00\",\"breadcrumb\":{\"@id\":\"https:\/\/raiman.pl\/index.php\/przeglady-i-naprawy-sprezarek-chlodniczych\/#breadcrumb\"},\"inLanguage\":\"pl-PL\",\"potentialAction\":[{\"@type\":\"ReadAction\",\"target\":[\"https:\/\/raiman.pl\/index.php\/przeglady-i-naprawy-sprezarek-chlodniczych\/\"]}]},{\"@type\":\"BreadcrumbList\",\"@id\":\"https:\/\/raiman.pl\/index.php\/przeglady-i-naprawy-sprezarek-chlodniczych\/#breadcrumb\",\"itemListElement\":[{\"@type\":\"ListItem\",\"position\":1,\"name\":\"Home\",\"item\":\"https:\/\/raiman.pl\/\"},{\"@type\":\"ListItem\",\"position\":2,\"name\":\"Przegl\\u0105dy i naprawy spr\\u0119\\u017carek ch\\u0142odniczych\"}]}]}<\/script>\n<!-- \/ Yoast SEO Premium plugin. -->","yoast_head_json":{"title":"Przegl\u0105dy i naprawy spr\u0119\u017carek ch\u0142odniczych - Systemy Ch\u0142odnicze i Klimatyzacyjne","robots":{"index":"index","follow":"follow","max-snippet":"max-snippet:-1","max-image-preview":"max-image-preview:large","max-video-preview":"max-video-preview:-1"},"canonical":"https:\/\/raiman.pl\/index.php\/przeglady-i-naprawy-sprezarek-chlodniczych\/","og_locale":"pl_PL","og_type":"article","og_title":"Przegl\u0105dy i naprawy spr\u0119\u017carek ch\u0142odniczych","og_description":"Przegl\u0105dy i naprawy spr\u0119\u017carek ch\u0142odniczych Wykonujemy przegl\u0105dy oraz naprawy bie\u017c\u0105ce i g\u0142\u00f3wne spr\u0119\u017carek ch\u0142odniczych, t\u0142okowych oraz \u015brubowych, ze szczeg\u00f3lnym uwzgl\u0119dnieniem urz\u0105dz\u0119\u0144 GEA, GRASSO. Posiadamy cz\u0119\u015bci oryginalne oraz wysokiej klasy zamienniki. W zale\u017cno\u015bci od typu spr\u0119\u017carki, warunk\u00f3w pracy, stanu technicznego dokonujemy przegl\u0105d\u00f3w oraz napraw zgodnie z zaleceniami producent\u00f3w urz\u0105dze\u0144. Uwzgl\u0119dniamy i na bie\u017c\u0105co monitorujemy stan zu\u017cycia [&hellip;]","og_url":"https:\/\/raiman.pl\/index.php\/przeglady-i-naprawy-sprezarek-chlodniczych\/","og_site_name":"Systemy Ch\u0142odnicze i Klimatyzacyjne","article_modified_time":"2022-02-02T08:03:45+00:00","og_image":[{"url":"https:\/\/raiman.pl\/wp-content\/uploads\/2022\/01\/Przeglady-i-naprawy-sprezarek-chlodniczych.jpg"}],"twitter_card":"summary_large_image","twitter_misc":{"Szacowany czas czytania":"1 minuta"},"schema":{"@context":"https:\/\/schema.org","@graph":[{"@type":"WebSite","@id":"https:\/\/raiman.pl\/#website","url":"https:\/\/raiman.pl\/","name":"Systemy Ch\u0142odnicze i Klimatyzacyjne","description":"Marek Raiman","potentialAction":[{"@type":"SearchAction","target":{"@type":"EntryPoint","urlTemplate":"https:\/\/raiman.pl\/?s={search_term_string}"},"query-input":"required name=search_term_string"}],"inLanguage":"pl-PL"},{"@type":"ImageObject","@id":"https:\/\/raiman.pl\/index.php\/przeglady-i-naprawy-sprezarek-chlodniczych\/#primaryimage","inLanguage":"pl-PL","url":"https:\/\/raiman.pl\/wp-content\/uploads\/2022\/01\/Przeglady-i-naprawy-sprezarek-chlodniczych.jpg","contentUrl":"https:\/\/raiman.pl\/wp-content\/uploads\/2022\/01\/Przeglady-i-naprawy-sprezarek-chlodniczych.jpg","width":800,"height":500},{"@type":"WebPage","@id":"https:\/\/raiman.pl\/index.php\/przeglady-i-naprawy-sprezarek-chlodniczych\/#webpage","url":"https:\/\/raiman.pl\/index.php\/przeglady-i-naprawy-sprezarek-chlodniczych\/","name":"Przegl\u0105dy i naprawy spr\u0119\u017carek ch\u0142odniczych - Systemy Ch\u0142odnicze i Klimatyzacyjne","isPartOf":{"@id":"https:\/\/raiman.pl\/#website"},"primaryImageOfPage":{"@id":"https:\/\/raiman.pl\/index.php\/przeglady-i-naprawy-sprezarek-chlodniczych\/#primaryimage"},"datePublished":"2021-12-21T13:20:59+00:00","dateModified":"2022-02-02T08:03:45+00:00","breadcrumb":{"@id":"https:\/\/raiman.pl\/index.php\/przeglady-i-naprawy-sprezarek-chlodniczych\/#breadcrumb"},"inLanguage":"pl-PL","potentialAction":[{"@type":"ReadAction","target":["https:\/\/raiman.pl\/index.php\/przeglady-i-naprawy-sprezarek-chlodniczych\/"]}]},{"@type":"BreadcrumbList","@id":"https:\/\/raiman.pl\/index.php\/przeglady-i-naprawy-sprezarek-chlodniczych\/#breadcrumb","itemListElement":[{"@type":"ListItem","position":1,"name":"Home","item":"https:\/\/raiman.pl\/"},{"@type":"ListItem","position":2,"name":"Przegl\u0105dy i naprawy spr\u0119\u017carek ch\u0142odniczych"}]}]}},"_links":{"self":[{"href":"https:\/\/raiman.pl\/index.php\/wp-json\/wp\/v2\/pages\/151"}],"collection":[{"href":"https:\/\/raiman.pl\/index.php\/wp-json\/wp\/v2\/pages"}],"about":[{"href":"https:\/\/raiman.pl\/index.php\/wp-json\/wp\/v2\/types\/page"}],"author":[{"embeddable":true,"href":"https:\/\/raiman.pl\/index.php\/wp-json\/wp\/v2\/users\/1"}],"replies":[{"embeddable":true,"href":"https:\/\/raiman.pl\/index.php\/wp-json\/wp\/v2\/comments?post=151"}],"version-history":[{"count":22,"href":"https:\/\/raiman.pl\/index.php\/wp-json\/wp\/v2\/pages\/151\/revisions"}],"predecessor-version":[{"id":698,"href":"https:\/\/raiman.pl\/index.php\/wp-json\/wp\/v2\/pages\/151\/revisions\/698"}],"wp:attachment":[{"href":"https:\/\/raiman.pl\/index.php\/wp-json\/wp\/v2\/media?parent=151"}],"curies":[{"name":"wp","href":"https:\/\/api.w.org\/{rel}","templated":true}]}}