{"id":146,"date":"2021-12-21T13:20:24","date_gmt":"2021-12-21T13:20:24","guid":{"rendered":"https:\/\/raiman.pl\/?page_id=146"},"modified":"2022-02-02T08:05:51","modified_gmt":"2022-02-02T08:05:51","slug":"prace-rozruchowe-nowych-instalacji","status":"publish","type":"page","link":"https:\/\/raiman.pl\/index.php\/prace-rozruchowe-nowych-instalacji\/","title":{"rendered":"Prace rozruchowe nowych instalacji"},"content":{"rendered":"\t\t<div data-elementor-type=\"wp-page\" data-elementor-id=\"146\" class=\"elementor elementor-146\" data-elementor-settings=\"[]\">\n\t\t\t\t\t\t<div class=\"elementor-inner\">\n\t\t\t\t\t\t\t<div class=\"elementor-section-wrap\">\n\t\t\t\t\t\t\t<section data-particle_enable=\"false\" data-particle-mobile-disabled=\"false\" class=\"elementor-section elementor-top-section elementor-element elementor-element-9206f41 elementor-section-boxed elementor-section-height-default elementor-section-height-default\" data-id=\"9206f41\" data-element_type=\"section\" data-settings=\"{&quot;_ha_eqh_enable&quot;:false}\">\n\t\t\t\t\t\t<div class=\"elementor-container elementor-column-gap-default\">\n\t\t\t\t\t\t\t<div class=\"elementor-row\">\n\t\t\t\t\t<div class=\"elementor-column elementor-col-100 elementor-top-column elementor-element elementor-element-10d9531\" data-id=\"10d9531\" data-element_type=\"column\">\n\t\t\t<div class=\"elementor-column-wrap elementor-element-populated\">\n\t\t\t\t\t\t\t<div class=\"elementor-widget-wrap\">\n\t\t\t\t\t\t<div class=\"elementor-element elementor-element-6ae13dd elementor-hidden-tablet elementor-hidden-mobile eael-divider-center elementor-widget elementor-widget-eael-divider\" data-id=\"6ae13dd\" data-element_type=\"widget\" data-widget_type=\"eael-divider.default\">\n\t\t\t\t<div class=\"elementor-widget-container\">\n\t\t\t\t\t<div class=\"eael-divider-wrap divider-direction-horizontal\">\n\t\t\t\t\t\t\t<div class=\"divider-text-container\">\n\t\t\t\t\t<div class=\"divider-text-wrap\">\n\t\t\t\t\t\t\t\t\t\t\t\t\t<span class=\"divider-border-wrap divider-border-left\">\n\t\t\t\t\t\t\t\t<span class=\"divider-border\"><\/span>\n\t\t\t\t\t\t\t<\/span>\n\t\t\t\t\t\t\t\t\t\t\t\t<span class=\"eael-divider-content\">\n\t\t\t\t\t\t\t\t\t\t\t\t\t\t\t<div class=\"eael-divider-text\">Prace rozruchowe nowych instalacji<\/div>\t\t\t\t\t\t\t\t\t\t\t\t\t<\/span>\n\t\t\t\t\t\t\t\t\t\t\t\t\t<span class=\"divider-border-wrap divider-border-right\">\n\t\t\t\t\t\t\t\t<span class=\"divider-border\"><\/span>\n\t\t\t\t\t\t\t<\/span>\n\t\t\t\t\t\t\t\t\t\t\t<\/div>\n\t\t\t\t<\/div>\n\t\t\t\t\t<\/div>\n\t\t<\/div>\n\t\t\t\t<\/div>\n\t\t\t\t<div class=\"elementor-element elementor-element-dfb0969 elementor-hidden-desktop elementor-widget elementor-widget-heading\" data-id=\"dfb0969\" data-element_type=\"widget\" data-widget_type=\"heading.default\">\n\t\t\t\t<div class=\"elementor-widget-container\">\n\t\t\t<h2 class=\"elementor-heading-title elementor-size-default\">Prace rozruchowe nowych instalacji<\/h2>\t\t<\/div>\n\t\t\t\t<\/div>\n\t\t\t\t\t\t<\/div>\n\t\t\t\t\t<\/div>\n\t\t<\/div>\n\t\t\t\t\t\t\t\t<\/div>\n\t\t\t\t\t<\/div>\n\t\t<\/section>\n\t\t\t\t<section data-particle_enable=\"false\" data-particle-mobile-disabled=\"false\" class=\"elementor-section elementor-top-section elementor-element elementor-element-e5d9395 elementor-section-boxed elementor-section-height-default elementor-section-height-default\" data-id=\"e5d9395\" data-element_type=\"section\" data-settings=\"{&quot;_ha_eqh_enable&quot;:false}\">\n\t\t\t\t\t\t<div class=\"elementor-container elementor-column-gap-default\">\n\t\t\t\t\t\t\t<div class=\"elementor-row\">\n\t\t\t\t\t<div class=\"elementor-column elementor-col-50 elementor-top-column elementor-element elementor-element-4f3d9d9\" data-id=\"4f3d9d9\" data-element_type=\"column\">\n\t\t\t<div class=\"elementor-column-wrap elementor-element-populated\">\n\t\t\t\t\t\t\t<div class=\"elementor-widget-wrap\">\n\t\t\t\t\t\t<div class=\"elementor-element elementor-element-0836814 elementor-widget elementor-widget-image\" data-id=\"0836814\" data-element_type=\"widget\" data-widget_type=\"image.default\">\n\t\t\t\t<div class=\"elementor-widget-container\">\n\t\t\t\t\t\t\t\t<div class=\"elementor-image\">\n\t\t\t\t\t\t\t\t\t\t\t\t<img width=\"800\" height=\"500\" src=\"https:\/\/raiman.pl\/wp-content\/uploads\/2022\/01\/Prace-rozruchowe-nowych-instalacji.jpg\" class=\"attachment-large size-large\" alt=\"\" loading=\"lazy\" srcset=\"https:\/\/raiman.pl\/wp-content\/uploads\/2022\/01\/Prace-rozruchowe-nowych-instalacji.jpg 800w, https:\/\/raiman.pl\/wp-content\/uploads\/2022\/01\/Prace-rozruchowe-nowych-instalacji-300x188.jpg 300w, https:\/\/raiman.pl\/wp-content\/uploads\/2022\/01\/Prace-rozruchowe-nowych-instalacji-768x480.jpg 768w\" sizes=\"(max-width: 800px) 100vw, 800px\" \/>\t\t\t\t\t\t\t\t\t\t\t\t\t\t<\/div>\n\t\t\t\t\t\t<\/div>\n\t\t\t\t<\/div>\n\t\t\t\t\t\t<\/div>\n\t\t\t\t\t<\/div>\n\t\t<\/div>\n\t\t\t\t<div class=\"elementor-column elementor-col-50 elementor-top-column elementor-element elementor-element-00402c8\" data-id=\"00402c8\" data-element_type=\"column\">\n\t\t\t<div class=\"elementor-column-wrap elementor-element-populated\">\n\t\t\t\t\t\t\t<div class=\"elementor-widget-wrap\">\n\t\t\t\t\t\t<div class=\"elementor-element elementor-element-acabb34 elementor-widget elementor-widget-text-editor\" data-id=\"acabb34\" data-element_type=\"widget\" data-widget_type=\"text-editor.default\">\n\t\t\t\t<div class=\"elementor-widget-container\">\n\t\t\t\t\t\t\t\t<div class=\"elementor-text-editor elementor-clearfix\">\n\t\t\t\t<p>Przygotowanie instalacji ch\u0142odniczej do pracy. Kontrola dzia\u0142ania automatyki, wytworzenie pr\u00f3\u017cni, przygotowanie spr\u0119\u017carek do pracy, armatury ch\u0142odniczej, nape\u0142nienie czynnikiem ch\u0142odniczym oraz mediami.<\/p><p>Uruchomienie instalacji ch\u0142odniczej, monitoring jej pracy, prace regulacyjne urz\u0105dze\u0144.<\/p>\t\t\t\t\t<\/div>\n\t\t\t\t\t\t<\/div>\n\t\t\t\t<\/div>\n\t\t\t\t\t\t<\/div>\n\t\t\t\t\t<\/div>\n\t\t<\/div>\n\t\t\t\t\t\t\t\t<\/div>\n\t\t\t\t\t<\/div>\n\t\t<\/section>\n\t\t\t\t\t\t<\/div>\n\t\t\t\t\t\t<\/div>\n\t\t\t\t\t<\/div>\n\t\t","protected":false},"excerpt":{"rendered":"<p>Prace rozruchowe nowych instalacji Przygotowanie instalacji ch\u0142odniczej do pracy. Kontrola dzia\u0142ania automatyki, wytworzenie pr\u00f3\u017cni, przygotowanie spr\u0119\u017carek do pracy, armatury ch\u0142odniczej, nape\u0142nienie czynnikiem ch\u0142odniczym oraz mediami. Uruchomienie instalacji ch\u0142odniczej, monitoring jej pracy, prace regulacyjne urz\u0105dze\u0144.<\/p>\n","protected":false},"author":1,"featured_media":0,"parent":0,"menu_order":0,"comment_status":"closed","ping_status":"closed","template":"elementor_header_footer","meta":[],"yoast_head":"<!-- This site is optimized with the Yoast SEO Premium plugin v16.9 (Yoast SEO v16.9) - https:\/\/yoast.com\/wordpress\/plugins\/seo\/ -->\n<title>Prace rozruchowe nowych instalacji - Systemy Ch\u0142odnicze i Klimatyzacyjne<\/title>\n<meta name=\"robots\" content=\"index, follow, max-snippet:-1, max-image-preview:large, max-video-preview:-1\" \/>\n<link rel=\"canonical\" href=\"https:\/\/raiman.pl\/index.php\/prace-rozruchowe-nowych-instalacji\/\" \/>\n<meta property=\"og:locale\" content=\"pl_PL\" \/>\n<meta property=\"og:type\" content=\"article\" \/>\n<meta property=\"og:title\" content=\"Prace rozruchowe nowych instalacji\" \/>\n<meta property=\"og:description\" content=\"Prace rozruchowe nowych instalacji Przygotowanie instalacji ch\u0142odniczej do pracy. Kontrola dzia\u0142ania automatyki, wytworzenie pr\u00f3\u017cni, przygotowanie spr\u0119\u017carek do pracy, armatury ch\u0142odniczej, nape\u0142nienie czynnikiem ch\u0142odniczym oraz mediami. Uruchomienie instalacji ch\u0142odniczej, monitoring jej pracy, prace regulacyjne urz\u0105dze\u0144.\" \/>\n<meta property=\"og:url\" content=\"https:\/\/raiman.pl\/index.php\/prace-rozruchowe-nowych-instalacji\/\" \/>\n<meta property=\"og:site_name\" content=\"Systemy Ch\u0142odnicze i Klimatyzacyjne\" \/>\n<meta property=\"article:modified_time\" content=\"2022-02-02T08:05:51+00:00\" \/>\n<meta property=\"og:image\" content=\"https:\/\/raiman.pl\/wp-content\/uploads\/2022\/01\/Prace-rozruchowe-nowych-instalacji.jpg\" \/>\n<meta name=\"twitter:card\" content=\"summary_large_image\" \/>\n<meta name=\"twitter:label1\" content=\"Szacowany czas czytania\" \/>\n\t<meta name=\"twitter:data1\" content=\"1 minuta\" \/>\n<script type=\"application\/ld+json\" class=\"yoast-schema-graph\">{\"@context\":\"https:\/\/schema.org\",\"@graph\":[{\"@type\":\"WebSite\",\"@id\":\"https:\/\/raiman.pl\/#website\",\"url\":\"https:\/\/raiman.pl\/\",\"name\":\"Systemy Ch\\u0142odnicze i Klimatyzacyjne\",\"description\":\"Marek Raiman\",\"potentialAction\":[{\"@type\":\"SearchAction\",\"target\":{\"@type\":\"EntryPoint\",\"urlTemplate\":\"https:\/\/raiman.pl\/?s={search_term_string}\"},\"query-input\":\"required name=search_term_string\"}],\"inLanguage\":\"pl-PL\"},{\"@type\":\"ImageObject\",\"@id\":\"https:\/\/raiman.pl\/index.php\/prace-rozruchowe-nowych-instalacji\/#primaryimage\",\"inLanguage\":\"pl-PL\",\"url\":\"https:\/\/raiman.pl\/wp-content\/uploads\/2022\/01\/Prace-rozruchowe-nowych-instalacji.jpg\",\"contentUrl\":\"https:\/\/raiman.pl\/wp-content\/uploads\/2022\/01\/Prace-rozruchowe-nowych-instalacji.jpg\",\"width\":800,\"height\":500},{\"@type\":\"WebPage\",\"@id\":\"https:\/\/raiman.pl\/index.php\/prace-rozruchowe-nowych-instalacji\/#webpage\",\"url\":\"https:\/\/raiman.pl\/index.php\/prace-rozruchowe-nowych-instalacji\/\",\"name\":\"Prace rozruchowe nowych instalacji - Systemy Ch\\u0142odnicze i Klimatyzacyjne\",\"isPartOf\":{\"@id\":\"https:\/\/raiman.pl\/#website\"},\"primaryImageOfPage\":{\"@id\":\"https:\/\/raiman.pl\/index.php\/prace-rozruchowe-nowych-instalacji\/#primaryimage\"},\"datePublished\":\"2021-12-21T13:20:24+00:00\",\"dateModified\":\"2022-02-02T08:05:51+00:00\",\"breadcrumb\":{\"@id\":\"https:\/\/raiman.pl\/index.php\/prace-rozruchowe-nowych-instalacji\/#breadcrumb\"},\"inLanguage\":\"pl-PL\",\"potentialAction\":[{\"@type\":\"ReadAction\",\"target\":[\"https:\/\/raiman.pl\/index.php\/prace-rozruchowe-nowych-instalacji\/\"]}]},{\"@type\":\"BreadcrumbList\",\"@id\":\"https:\/\/raiman.pl\/index.php\/prace-rozruchowe-nowych-instalacji\/#breadcrumb\",\"itemListElement\":[{\"@type\":\"ListItem\",\"position\":1,\"name\":\"Home\",\"item\":\"https:\/\/raiman.pl\/\"},{\"@type\":\"ListItem\",\"position\":2,\"name\":\"Prace rozruchowe nowych instalacji\"}]}]}<\/script>\n<!-- \/ Yoast SEO Premium plugin. -->","yoast_head_json":{"title":"Prace rozruchowe nowych instalacji - Systemy Ch\u0142odnicze i Klimatyzacyjne","robots":{"index":"index","follow":"follow","max-snippet":"max-snippet:-1","max-image-preview":"max-image-preview:large","max-video-preview":"max-video-preview:-1"},"canonical":"https:\/\/raiman.pl\/index.php\/prace-rozruchowe-nowych-instalacji\/","og_locale":"pl_PL","og_type":"article","og_title":"Prace rozruchowe nowych instalacji","og_description":"Prace rozruchowe nowych instalacji Przygotowanie instalacji ch\u0142odniczej do pracy. Kontrola dzia\u0142ania automatyki, wytworzenie pr\u00f3\u017cni, przygotowanie spr\u0119\u017carek do pracy, armatury ch\u0142odniczej, nape\u0142nienie czynnikiem ch\u0142odniczym oraz mediami. Uruchomienie instalacji ch\u0142odniczej, monitoring jej pracy, prace regulacyjne urz\u0105dze\u0144.","og_url":"https:\/\/raiman.pl\/index.php\/prace-rozruchowe-nowych-instalacji\/","og_site_name":"Systemy Ch\u0142odnicze i Klimatyzacyjne","article_modified_time":"2022-02-02T08:05:51+00:00","og_image":[{"url":"https:\/\/raiman.pl\/wp-content\/uploads\/2022\/01\/Prace-rozruchowe-nowych-instalacji.jpg"}],"twitter_card":"summary_large_image","twitter_misc":{"Szacowany czas czytania":"1 minuta"},"schema":{"@context":"https:\/\/schema.org","@graph":[{"@type":"WebSite","@id":"https:\/\/raiman.pl\/#website","url":"https:\/\/raiman.pl\/","name":"Systemy Ch\u0142odnicze i Klimatyzacyjne","description":"Marek Raiman","potentialAction":[{"@type":"SearchAction","target":{"@type":"EntryPoint","urlTemplate":"https:\/\/raiman.pl\/?s={search_term_string}"},"query-input":"required name=search_term_string"}],"inLanguage":"pl-PL"},{"@type":"ImageObject","@id":"https:\/\/raiman.pl\/index.php\/prace-rozruchowe-nowych-instalacji\/#primaryimage","inLanguage":"pl-PL","url":"https:\/\/raiman.pl\/wp-content\/uploads\/2022\/01\/Prace-rozruchowe-nowych-instalacji.jpg","contentUrl":"https:\/\/raiman.pl\/wp-content\/uploads\/2022\/01\/Prace-rozruchowe-nowych-instalacji.jpg","width":800,"height":500},{"@type":"WebPage","@id":"https:\/\/raiman.pl\/index.php\/prace-rozruchowe-nowych-instalacji\/#webpage","url":"https:\/\/raiman.pl\/index.php\/prace-rozruchowe-nowych-instalacji\/","name":"Prace rozruchowe nowych instalacji - Systemy Ch\u0142odnicze i Klimatyzacyjne","isPartOf":{"@id":"https:\/\/raiman.pl\/#website"},"primaryImageOfPage":{"@id":"https:\/\/raiman.pl\/index.php\/prace-rozruchowe-nowych-instalacji\/#primaryimage"},"datePublished":"2021-12-21T13:20:24+00:00","dateModified":"2022-02-02T08:05:51+00:00","breadcrumb":{"@id":"https:\/\/raiman.pl\/index.php\/prace-rozruchowe-nowych-instalacji\/#breadcrumb"},"inLanguage":"pl-PL","potentialAction":[{"@type":"ReadAction","target":["https:\/\/raiman.pl\/index.php\/prace-rozruchowe-nowych-instalacji\/"]}]},{"@type":"BreadcrumbList","@id":"https:\/\/raiman.pl\/index.php\/prace-rozruchowe-nowych-instalacji\/#breadcrumb","itemListElement":[{"@type":"ListItem","position":1,"name":"Home","item":"https:\/\/raiman.pl\/"},{"@type":"ListItem","position":2,"name":"Prace rozruchowe nowych instalacji"}]}]}},"_links":{"self":[{"href":"https:\/\/raiman.pl\/index.php\/wp-json\/wp\/v2\/pages\/146"}],"collection":[{"href":"https:\/\/raiman.pl\/index.php\/wp-json\/wp\/v2\/pages"}],"about":[{"href":"https:\/\/raiman.pl\/index.php\/wp-json\/wp\/v2\/types\/page"}],"author":[{"embeddable":true,"href":"https:\/\/raiman.pl\/index.php\/wp-json\/wp\/v2\/users\/1"}],"replies":[{"embeddable":true,"href":"https:\/\/raiman.pl\/index.php\/wp-json\/wp\/v2\/comments?post=146"}],"version-history":[{"count":25,"href":"https:\/\/raiman.pl\/index.php\/wp-json\/wp\/v2\/pages\/146\/revisions"}],"predecessor-version":[{"id":704,"href":"https:\/\/raiman.pl\/index.php\/wp-json\/wp\/v2\/pages\/146\/revisions\/704"}],"wp:attachment":[{"href":"https:\/\/raiman.pl\/index.php\/wp-json\/wp\/v2\/media?parent=146"}],"curies":[{"name":"wp","href":"https:\/\/api.w.org\/{rel}","templated":true}]}}