{"id":144,"date":"2021-12-21T13:19:43","date_gmt":"2021-12-21T13:19:43","guid":{"rendered":"https:\/\/raiman.pl\/?page_id=144"},"modified":"2022-01-14T11:41:45","modified_gmt":"2022-01-14T11:41:45","slug":"okresowe-przeglady-instalacji-chlodniczych","status":"publish","type":"page","link":"https:\/\/raiman.pl\/index.php\/okresowe-przeglady-instalacji-chlodniczych\/","title":{"rendered":"Okresowe przegl\u0105dy instalacji ch\u0142odniczych"},"content":{"rendered":"\t\t<div data-elementor-type=\"wp-page\" data-elementor-id=\"144\" class=\"elementor elementor-144\" data-elementor-settings=\"[]\">\n\t\t\t\t\t\t<div class=\"elementor-inner\">\n\t\t\t\t\t\t\t<div class=\"elementor-section-wrap\">\n\t\t\t\t\t\t\t<section data-particle_enable=\"false\" data-particle-mobile-disabled=\"false\" class=\"elementor-section elementor-top-section elementor-element elementor-element-c1eb1ac elementor-section-boxed elementor-section-height-default elementor-section-height-default\" data-id=\"c1eb1ac\" data-element_type=\"section\" data-settings=\"{&quot;_ha_eqh_enable&quot;:false}\">\n\t\t\t\t\t\t<div class=\"elementor-container elementor-column-gap-default\">\n\t\t\t\t\t\t\t<div class=\"elementor-row\">\n\t\t\t\t\t<div class=\"elementor-column elementor-col-100 elementor-top-column elementor-element elementor-element-69e83f4\" data-id=\"69e83f4\" data-element_type=\"column\">\n\t\t\t<div class=\"elementor-column-wrap elementor-element-populated\">\n\t\t\t\t\t\t\t<div class=\"elementor-widget-wrap\">\n\t\t\t\t\t\t<div class=\"elementor-element elementor-element-27f6211 elementor-hidden-tablet elementor-hidden-mobile eael-divider-center elementor-widget elementor-widget-eael-divider\" data-id=\"27f6211\" data-element_type=\"widget\" data-widget_type=\"eael-divider.default\">\n\t\t\t\t<div class=\"elementor-widget-container\">\n\t\t\t\t\t<div class=\"eael-divider-wrap divider-direction-horizontal\">\n\t\t\t\t\t\t\t<div class=\"divider-text-container\">\n\t\t\t\t\t<div class=\"divider-text-wrap\">\n\t\t\t\t\t\t\t\t\t\t\t\t\t<span class=\"divider-border-wrap divider-border-left\">\n\t\t\t\t\t\t\t\t<span class=\"divider-border\"><\/span>\n\t\t\t\t\t\t\t<\/span>\n\t\t\t\t\t\t\t\t\t\t\t\t<span class=\"eael-divider-content\">\n\t\t\t\t\t\t\t\t\t\t\t\t\t\t\t<div class=\"eael-divider-text\">Okresowe przegl\u0105dy instalacji ch\u0142odniczych<\/div>\t\t\t\t\t\t\t\t\t\t\t\t\t<\/span>\n\t\t\t\t\t\t\t\t\t\t\t\t\t<span class=\"divider-border-wrap divider-border-right\">\n\t\t\t\t\t\t\t\t<span class=\"divider-border\"><\/span>\n\t\t\t\t\t\t\t<\/span>\n\t\t\t\t\t\t\t\t\t\t\t<\/div>\n\t\t\t\t<\/div>\n\t\t\t\t\t<\/div>\n\t\t<\/div>\n\t\t\t\t<\/div>\n\t\t\t\t<div class=\"elementor-element elementor-element-658334d elementor-hidden-desktop elementor-widget elementor-widget-heading\" data-id=\"658334d\" data-element_type=\"widget\" data-widget_type=\"heading.default\">\n\t\t\t\t<div class=\"elementor-widget-container\">\n\t\t\t<h2 class=\"elementor-heading-title elementor-size-default\">Okresowe przegl\u0105dy instalacji ch\u0142odniczych<\/h2>\t\t<\/div>\n\t\t\t\t<\/div>\n\t\t\t\t\t\t<\/div>\n\t\t\t\t\t<\/div>\n\t\t<\/div>\n\t\t\t\t\t\t\t\t<\/div>\n\t\t\t\t\t<\/div>\n\t\t<\/section>\n\t\t\t\t<section data-particle_enable=\"false\" data-particle-mobile-disabled=\"false\" class=\"elementor-section elementor-top-section elementor-element elementor-element-f835d71 elementor-section-boxed elementor-section-height-default elementor-section-height-default\" data-id=\"f835d71\" data-element_type=\"section\" data-settings=\"{&quot;_ha_eqh_enable&quot;:false}\">\n\t\t\t\t\t\t<div class=\"elementor-container elementor-column-gap-default\">\n\t\t\t\t\t\t\t<div class=\"elementor-row\">\n\t\t\t\t\t<div class=\"elementor-column elementor-col-50 elementor-top-column elementor-element elementor-element-771834c\" data-id=\"771834c\" data-element_type=\"column\">\n\t\t\t<div class=\"elementor-column-wrap elementor-element-populated\">\n\t\t\t\t\t\t\t<div class=\"elementor-widget-wrap\">\n\t\t\t\t\t\t<div class=\"elementor-element elementor-element-0e3b150 elementor-widget elementor-widget-image\" data-id=\"0e3b150\" data-element_type=\"widget\" data-widget_type=\"image.default\">\n\t\t\t\t<div class=\"elementor-widget-container\">\n\t\t\t\t\t\t\t\t<div class=\"elementor-image\">\n\t\t\t\t\t\t\t\t\t\t\t\t<img width=\"800\" height=\"500\" src=\"https:\/\/raiman.pl\/wp-content\/uploads\/2022\/01\/Okresowe-przeglady-instalacji-chlodniczych.jpg\" class=\"attachment-large size-large\" alt=\"\" loading=\"lazy\" srcset=\"https:\/\/raiman.pl\/wp-content\/uploads\/2022\/01\/Okresowe-przeglady-instalacji-chlodniczych.jpg 800w, https:\/\/raiman.pl\/wp-content\/uploads\/2022\/01\/Okresowe-przeglady-instalacji-chlodniczych-300x188.jpg 300w, https:\/\/raiman.pl\/wp-content\/uploads\/2022\/01\/Okresowe-przeglady-instalacji-chlodniczych-768x480.jpg 768w\" sizes=\"(max-width: 800px) 100vw, 800px\" \/>\t\t\t\t\t\t\t\t\t\t\t\t\t\t<\/div>\n\t\t\t\t\t\t<\/div>\n\t\t\t\t<\/div>\n\t\t\t\t\t\t<\/div>\n\t\t\t\t\t<\/div>\n\t\t<\/div>\n\t\t\t\t<div class=\"elementor-column elementor-col-50 elementor-top-column elementor-element elementor-element-68a2362\" data-id=\"68a2362\" data-element_type=\"column\">\n\t\t\t<div class=\"elementor-column-wrap elementor-element-populated\">\n\t\t\t\t\t\t\t<div class=\"elementor-widget-wrap\">\n\t\t\t\t\t\t<div class=\"elementor-element elementor-element-d861d17 elementor-widget elementor-widget-text-editor\" data-id=\"d861d17\" data-element_type=\"widget\" data-widget_type=\"text-editor.default\">\n\t\t\t\t<div class=\"elementor-widget-container\">\n\t\t\t\t\t\t\t\t<div class=\"elementor-text-editor elementor-clearfix\">\n\t\t\t\t<p>Zesp\u00f3\u0142 czynno\u015bci kontrolno &#8211; pomiarowych wykonywanych okresowo, w zale\u017cno\u015bci od typu instalacji ch\u0142odniczej oraz stopnia zautomatyzowania instalacji ch\u0142odniczej uwzgl\u0119dniaj\u0105cy sprawdzenie poszczeg\u00f3lnych punkt\u00f3w instalacji.<\/p><p>Sprawdzenie czy wszystkie urz\u0105dzenia pracuj\u0105 prawid\u0142owo, osi\u0105gaj\u0105 za\u0142o\u017cone parametry pracy. Informowanie klienta o zaobserwowanych usterkach oraz doradztwo w celu optymalizacji pracy instalacji ch\u0142odniczej.<\/p>\t\t\t\t\t<\/div>\n\t\t\t\t\t\t<\/div>\n\t\t\t\t<\/div>\n\t\t\t\t\t\t<\/div>\n\t\t\t\t\t<\/div>\n\t\t<\/div>\n\t\t\t\t\t\t\t\t<\/div>\n\t\t\t\t\t<\/div>\n\t\t<\/section>\n\t\t\t\t\t\t<\/div>\n\t\t\t\t\t\t<\/div>\n\t\t\t\t\t<\/div>\n\t\t","protected":false},"excerpt":{"rendered":"<p>Okresowe przegl\u0105dy instalacji ch\u0142odniczych Zesp\u00f3\u0142 czynno\u015bci kontrolno &#8211; pomiarowych wykonywanych okresowo, w zale\u017cno\u015bci od typu instalacji ch\u0142odniczej oraz stopnia zautomatyzowania instalacji ch\u0142odniczej uwzgl\u0119dniaj\u0105cy sprawdzenie poszczeg\u00f3lnych punkt\u00f3w instalacji. Sprawdzenie czy wszystkie urz\u0105dzenia pracuj\u0105 prawid\u0142owo, osi\u0105gaj\u0105 za\u0142o\u017cone parametry pracy. Informowanie klienta o zaobserwowanych usterkach oraz doradztwo w celu optymalizacji pracy instalacji ch\u0142odniczej.<\/p>\n","protected":false},"author":1,"featured_media":0,"parent":0,"menu_order":0,"comment_status":"closed","ping_status":"closed","template":"elementor_header_footer","meta":[],"yoast_head":"<!-- This site is optimized with the Yoast SEO Premium plugin v16.9 (Yoast SEO v16.9) - https:\/\/yoast.com\/wordpress\/plugins\/seo\/ -->\n<title>Okresowe przegl\u0105dy instalacji ch\u0142odniczych - Systemy Ch\u0142odnicze i Klimatyzacyjne<\/title>\n<meta name=\"robots\" content=\"index, follow, max-snippet:-1, max-image-preview:large, max-video-preview:-1\" \/>\n<link rel=\"canonical\" href=\"https:\/\/raiman.pl\/index.php\/okresowe-przeglady-instalacji-chlodniczych\/\" \/>\n<meta property=\"og:locale\" content=\"pl_PL\" \/>\n<meta property=\"og:type\" content=\"article\" \/>\n<meta property=\"og:title\" content=\"Okresowe przegl\u0105dy instalacji ch\u0142odniczych\" \/>\n<meta property=\"og:description\" content=\"Okresowe przegl\u0105dy instalacji ch\u0142odniczych Zesp\u00f3\u0142 czynno\u015bci kontrolno &#8211; pomiarowych wykonywanych okresowo, w zale\u017cno\u015bci od typu instalacji ch\u0142odniczej oraz stopnia zautomatyzowania instalacji ch\u0142odniczej uwzgl\u0119dniaj\u0105cy sprawdzenie poszczeg\u00f3lnych punkt\u00f3w instalacji. Sprawdzenie czy wszystkie urz\u0105dzenia pracuj\u0105 prawid\u0142owo, osi\u0105gaj\u0105 za\u0142o\u017cone parametry pracy. Informowanie klienta o zaobserwowanych usterkach oraz doradztwo w celu optymalizacji pracy instalacji ch\u0142odniczej.\" \/>\n<meta property=\"og:url\" content=\"https:\/\/raiman.pl\/index.php\/okresowe-przeglady-instalacji-chlodniczych\/\" \/>\n<meta property=\"og:site_name\" content=\"Systemy Ch\u0142odnicze i Klimatyzacyjne\" \/>\n<meta property=\"article:modified_time\" content=\"2022-01-14T11:41:45+00:00\" \/>\n<meta property=\"og:image\" content=\"https:\/\/raiman.pl\/wp-content\/uploads\/2022\/01\/Okresowe-przeglady-instalacji-chlodniczych.jpg\" \/>\n<meta name=\"twitter:card\" content=\"summary_large_image\" \/>\n<meta name=\"twitter:label1\" content=\"Szacowany czas czytania\" \/>\n\t<meta name=\"twitter:data1\" content=\"1 minuta\" \/>\n<script type=\"application\/ld+json\" class=\"yoast-schema-graph\">{\"@context\":\"https:\/\/schema.org\",\"@graph\":[{\"@type\":\"WebSite\",\"@id\":\"https:\/\/raiman.pl\/#website\",\"url\":\"https:\/\/raiman.pl\/\",\"name\":\"Systemy Ch\\u0142odnicze i Klimatyzacyjne\",\"description\":\"Marek Raiman\",\"potentialAction\":[{\"@type\":\"SearchAction\",\"target\":{\"@type\":\"EntryPoint\",\"urlTemplate\":\"https:\/\/raiman.pl\/?s={search_term_string}\"},\"query-input\":\"required name=search_term_string\"}],\"inLanguage\":\"pl-PL\"},{\"@type\":\"ImageObject\",\"@id\":\"https:\/\/raiman.pl\/index.php\/okresowe-przeglady-instalacji-chlodniczych\/#primaryimage\",\"inLanguage\":\"pl-PL\",\"url\":\"https:\/\/raiman.pl\/wp-content\/uploads\/2022\/01\/Okresowe-przeglady-instalacji-chlodniczych.jpg\",\"contentUrl\":\"https:\/\/raiman.pl\/wp-content\/uploads\/2022\/01\/Okresowe-przeglady-instalacji-chlodniczych.jpg\",\"width\":800,\"height\":500},{\"@type\":\"WebPage\",\"@id\":\"https:\/\/raiman.pl\/index.php\/okresowe-przeglady-instalacji-chlodniczych\/#webpage\",\"url\":\"https:\/\/raiman.pl\/index.php\/okresowe-przeglady-instalacji-chlodniczych\/\",\"name\":\"Okresowe przegl\\u0105dy instalacji ch\\u0142odniczych - Systemy Ch\\u0142odnicze i Klimatyzacyjne\",\"isPartOf\":{\"@id\":\"https:\/\/raiman.pl\/#website\"},\"primaryImageOfPage\":{\"@id\":\"https:\/\/raiman.pl\/index.php\/okresowe-przeglady-instalacji-chlodniczych\/#primaryimage\"},\"datePublished\":\"2021-12-21T13:19:43+00:00\",\"dateModified\":\"2022-01-14T11:41:45+00:00\",\"breadcrumb\":{\"@id\":\"https:\/\/raiman.pl\/index.php\/okresowe-przeglady-instalacji-chlodniczych\/#breadcrumb\"},\"inLanguage\":\"pl-PL\",\"potentialAction\":[{\"@type\":\"ReadAction\",\"target\":[\"https:\/\/raiman.pl\/index.php\/okresowe-przeglady-instalacji-chlodniczych\/\"]}]},{\"@type\":\"BreadcrumbList\",\"@id\":\"https:\/\/raiman.pl\/index.php\/okresowe-przeglady-instalacji-chlodniczych\/#breadcrumb\",\"itemListElement\":[{\"@type\":\"ListItem\",\"position\":1,\"name\":\"Home\",\"item\":\"https:\/\/raiman.pl\/\"},{\"@type\":\"ListItem\",\"position\":2,\"name\":\"Okresowe przegl\\u0105dy instalacji ch\\u0142odniczych\"}]}]}<\/script>\n<!-- \/ Yoast SEO Premium plugin. -->","yoast_head_json":{"title":"Okresowe przegl\u0105dy instalacji ch\u0142odniczych - Systemy Ch\u0142odnicze i Klimatyzacyjne","robots":{"index":"index","follow":"follow","max-snippet":"max-snippet:-1","max-image-preview":"max-image-preview:large","max-video-preview":"max-video-preview:-1"},"canonical":"https:\/\/raiman.pl\/index.php\/okresowe-przeglady-instalacji-chlodniczych\/","og_locale":"pl_PL","og_type":"article","og_title":"Okresowe przegl\u0105dy instalacji ch\u0142odniczych","og_description":"Okresowe przegl\u0105dy instalacji ch\u0142odniczych Zesp\u00f3\u0142 czynno\u015bci kontrolno &#8211; pomiarowych wykonywanych okresowo, w zale\u017cno\u015bci od typu instalacji ch\u0142odniczej oraz stopnia zautomatyzowania instalacji ch\u0142odniczej uwzgl\u0119dniaj\u0105cy sprawdzenie poszczeg\u00f3lnych punkt\u00f3w instalacji. Sprawdzenie czy wszystkie urz\u0105dzenia pracuj\u0105 prawid\u0142owo, osi\u0105gaj\u0105 za\u0142o\u017cone parametry pracy. Informowanie klienta o zaobserwowanych usterkach oraz doradztwo w celu optymalizacji pracy instalacji ch\u0142odniczej.","og_url":"https:\/\/raiman.pl\/index.php\/okresowe-przeglady-instalacji-chlodniczych\/","og_site_name":"Systemy Ch\u0142odnicze i Klimatyzacyjne","article_modified_time":"2022-01-14T11:41:45+00:00","og_image":[{"url":"https:\/\/raiman.pl\/wp-content\/uploads\/2022\/01\/Okresowe-przeglady-instalacji-chlodniczych.jpg"}],"twitter_card":"summary_large_image","twitter_misc":{"Szacowany czas czytania":"1 minuta"},"schema":{"@context":"https:\/\/schema.org","@graph":[{"@type":"WebSite","@id":"https:\/\/raiman.pl\/#website","url":"https:\/\/raiman.pl\/","name":"Systemy Ch\u0142odnicze i Klimatyzacyjne","description":"Marek Raiman","potentialAction":[{"@type":"SearchAction","target":{"@type":"EntryPoint","urlTemplate":"https:\/\/raiman.pl\/?s={search_term_string}"},"query-input":"required name=search_term_string"}],"inLanguage":"pl-PL"},{"@type":"ImageObject","@id":"https:\/\/raiman.pl\/index.php\/okresowe-przeglady-instalacji-chlodniczych\/#primaryimage","inLanguage":"pl-PL","url":"https:\/\/raiman.pl\/wp-content\/uploads\/2022\/01\/Okresowe-przeglady-instalacji-chlodniczych.jpg","contentUrl":"https:\/\/raiman.pl\/wp-content\/uploads\/2022\/01\/Okresowe-przeglady-instalacji-chlodniczych.jpg","width":800,"height":500},{"@type":"WebPage","@id":"https:\/\/raiman.pl\/index.php\/okresowe-przeglady-instalacji-chlodniczych\/#webpage","url":"https:\/\/raiman.pl\/index.php\/okresowe-przeglady-instalacji-chlodniczych\/","name":"Okresowe przegl\u0105dy instalacji ch\u0142odniczych - Systemy Ch\u0142odnicze i Klimatyzacyjne","isPartOf":{"@id":"https:\/\/raiman.pl\/#website"},"primaryImageOfPage":{"@id":"https:\/\/raiman.pl\/index.php\/okresowe-przeglady-instalacji-chlodniczych\/#primaryimage"},"datePublished":"2021-12-21T13:19:43+00:00","dateModified":"2022-01-14T11:41:45+00:00","breadcrumb":{"@id":"https:\/\/raiman.pl\/index.php\/okresowe-przeglady-instalacji-chlodniczych\/#breadcrumb"},"inLanguage":"pl-PL","potentialAction":[{"@type":"ReadAction","target":["https:\/\/raiman.pl\/index.php\/okresowe-przeglady-instalacji-chlodniczych\/"]}]},{"@type":"BreadcrumbList","@id":"https:\/\/raiman.pl\/index.php\/okresowe-przeglady-instalacji-chlodniczych\/#breadcrumb","itemListElement":[{"@type":"ListItem","position":1,"name":"Home","item":"https:\/\/raiman.pl\/"},{"@type":"ListItem","position":2,"name":"Okresowe przegl\u0105dy instalacji ch\u0142odniczych"}]}]}},"_links":{"self":[{"href":"https:\/\/raiman.pl\/index.php\/wp-json\/wp\/v2\/pages\/144"}],"collection":[{"href":"https:\/\/raiman.pl\/index.php\/wp-json\/wp\/v2\/pages"}],"about":[{"href":"https:\/\/raiman.pl\/index.php\/wp-json\/wp\/v2\/types\/page"}],"author":[{"embeddable":true,"href":"https:\/\/raiman.pl\/index.php\/wp-json\/wp\/v2\/users\/1"}],"replies":[{"embeddable":true,"href":"https:\/\/raiman.pl\/index.php\/wp-json\/wp\/v2\/comments?post=144"}],"version-history":[{"count":31,"href":"https:\/\/raiman.pl\/index.php\/wp-json\/wp\/v2\/pages\/144\/revisions"}],"predecessor-version":[{"id":673,"href":"https:\/\/raiman.pl\/index.php\/wp-json\/wp\/v2\/pages\/144\/revisions\/673"}],"wp:attachment":[{"href":"https:\/\/raiman.pl\/index.php\/wp-json\/wp\/v2\/media?parent=144"}],"curies":[{"name":"wp","href":"https:\/\/api.w.org\/{rel}","templated":true}]}}