{"id":142,"date":"2021-12-21T13:19:10","date_gmt":"2021-12-21T13:19:10","guid":{"rendered":"https:\/\/raiman.pl\/?page_id=142"},"modified":"2022-02-02T08:10:38","modified_gmt":"2022-02-02T08:10:38","slug":"ocena-sprawnosci-ukladow-chlodniczych","status":"publish","type":"page","link":"https:\/\/raiman.pl\/index.php\/ocena-sprawnosci-ukladow-chlodniczych\/","title":{"rendered":"Ocena sprawno\u015bci uk\u0142ad\u00f3w ch\u0142odniczych"},"content":{"rendered":"\t\t<div data-elementor-type=\"wp-page\" data-elementor-id=\"142\" class=\"elementor elementor-142\" data-elementor-settings=\"[]\">\n\t\t\t\t\t\t<div class=\"elementor-inner\">\n\t\t\t\t\t\t\t<div class=\"elementor-section-wrap\">\n\t\t\t\t\t\t\t<section data-particle_enable=\"false\" data-particle-mobile-disabled=\"false\" class=\"elementor-section elementor-top-section elementor-element elementor-element-be335e6 elementor-section-boxed elementor-section-height-default elementor-section-height-default\" data-id=\"be335e6\" data-element_type=\"section\" data-settings=\"{&quot;_ha_eqh_enable&quot;:false}\">\n\t\t\t\t\t\t<div class=\"elementor-container elementor-column-gap-default\">\n\t\t\t\t\t\t\t<div class=\"elementor-row\">\n\t\t\t\t\t<div class=\"elementor-column elementor-col-100 elementor-top-column elementor-element elementor-element-9da942c\" data-id=\"9da942c\" data-element_type=\"column\">\n\t\t\t<div class=\"elementor-column-wrap elementor-element-populated\">\n\t\t\t\t\t\t\t<div class=\"elementor-widget-wrap\">\n\t\t\t\t\t\t<div class=\"elementor-element elementor-element-747d42a elementor-hidden-tablet elementor-hidden-mobile eael-divider-center elementor-widget elementor-widget-eael-divider\" data-id=\"747d42a\" data-element_type=\"widget\" data-widget_type=\"eael-divider.default\">\n\t\t\t\t<div class=\"elementor-widget-container\">\n\t\t\t\t\t<div class=\"eael-divider-wrap divider-direction-horizontal\">\n\t\t\t\t\t\t\t<div class=\"divider-text-container\">\n\t\t\t\t\t<div class=\"divider-text-wrap\">\n\t\t\t\t\t\t\t\t\t\t\t\t\t<span class=\"divider-border-wrap divider-border-left\">\n\t\t\t\t\t\t\t\t<span class=\"divider-border\"><\/span>\n\t\t\t\t\t\t\t<\/span>\n\t\t\t\t\t\t\t\t\t\t\t\t<span class=\"eael-divider-content\">\n\t\t\t\t\t\t\t\t\t\t\t\t\t\t\t<div class=\"eael-divider-text\">Ocena sprawno\u015bci uk\u0142ad\u00f3w ch\u0142odniczych<\/div>\t\t\t\t\t\t\t\t\t\t\t\t\t<\/span>\n\t\t\t\t\t\t\t\t\t\t\t\t\t<span class=\"divider-border-wrap divider-border-right\">\n\t\t\t\t\t\t\t\t<span class=\"divider-border\"><\/span>\n\t\t\t\t\t\t\t<\/span>\n\t\t\t\t\t\t\t\t\t\t\t<\/div>\n\t\t\t\t<\/div>\n\t\t\t\t\t<\/div>\n\t\t<\/div>\n\t\t\t\t<\/div>\n\t\t\t\t<div class=\"elementor-element elementor-element-30297c7 elementor-hidden-desktop elementor-widget elementor-widget-heading\" data-id=\"30297c7\" data-element_type=\"widget\" data-widget_type=\"heading.default\">\n\t\t\t\t<div class=\"elementor-widget-container\">\n\t\t\t<h2 class=\"elementor-heading-title elementor-size-default\">Ocena sprawno\u015bci uk\u0142ad\u00f3w ch\u0142odniczych<\/h2>\t\t<\/div>\n\t\t\t\t<\/div>\n\t\t\t\t\t\t<\/div>\n\t\t\t\t\t<\/div>\n\t\t<\/div>\n\t\t\t\t\t\t\t\t<\/div>\n\t\t\t\t\t<\/div>\n\t\t<\/section>\n\t\t\t\t<section data-particle_enable=\"false\" data-particle-mobile-disabled=\"false\" class=\"elementor-section elementor-top-section elementor-element elementor-element-b915c44 elementor-section-boxed elementor-section-height-default elementor-section-height-default\" data-id=\"b915c44\" data-element_type=\"section\" data-settings=\"{&quot;_ha_eqh_enable&quot;:false}\">\n\t\t\t\t\t\t<div class=\"elementor-container elementor-column-gap-default\">\n\t\t\t\t\t\t\t<div class=\"elementor-row\">\n\t\t\t\t\t<div class=\"elementor-column elementor-col-50 elementor-top-column elementor-element elementor-element-fb82c70\" data-id=\"fb82c70\" data-element_type=\"column\">\n\t\t\t<div class=\"elementor-column-wrap elementor-element-populated\">\n\t\t\t\t\t\t\t<div class=\"elementor-widget-wrap\">\n\t\t\t\t\t\t<div class=\"elementor-element elementor-element-ef9ec95 elementor-widget elementor-widget-image\" data-id=\"ef9ec95\" data-element_type=\"widget\" data-widget_type=\"image.default\">\n\t\t\t\t<div class=\"elementor-widget-container\">\n\t\t\t\t\t\t\t\t<div class=\"elementor-image\">\n\t\t\t\t\t\t\t\t\t\t\t\t<img width=\"800\" height=\"500\" src=\"https:\/\/raiman.pl\/wp-content\/uploads\/2022\/01\/Ocena-sprawnosci-ukladow-chlodniczych.jpg\" class=\"attachment-large size-large\" alt=\"\" loading=\"lazy\" srcset=\"https:\/\/raiman.pl\/wp-content\/uploads\/2022\/01\/Ocena-sprawnosci-ukladow-chlodniczych.jpg 800w, https:\/\/raiman.pl\/wp-content\/uploads\/2022\/01\/Ocena-sprawnosci-ukladow-chlodniczych-300x188.jpg 300w, https:\/\/raiman.pl\/wp-content\/uploads\/2022\/01\/Ocena-sprawnosci-ukladow-chlodniczych-768x480.jpg 768w\" sizes=\"(max-width: 800px) 100vw, 800px\" \/>\t\t\t\t\t\t\t\t\t\t\t\t\t\t<\/div>\n\t\t\t\t\t\t<\/div>\n\t\t\t\t<\/div>\n\t\t\t\t\t\t<\/div>\n\t\t\t\t\t<\/div>\n\t\t<\/div>\n\t\t\t\t<div class=\"elementor-column elementor-col-50 elementor-top-column elementor-element elementor-element-9741130\" data-id=\"9741130\" data-element_type=\"column\">\n\t\t\t<div class=\"elementor-column-wrap elementor-element-populated\">\n\t\t\t\t\t\t\t<div class=\"elementor-widget-wrap\">\n\t\t\t\t\t\t<div class=\"elementor-element elementor-element-9017fdd elementor-widget elementor-widget-text-editor\" data-id=\"9017fdd\" data-element_type=\"widget\" data-widget_type=\"text-editor.default\">\n\t\t\t\t<div class=\"elementor-widget-container\">\n\t\t\t\t\t\t\t\t<div class=\"elementor-text-editor elementor-clearfix\">\n\t\t\t\t<p>Sprawdzamy dzia\u0142anie oraz utrzymanie parametr\u00f3w instalacji ch\u0142odniczych w r\u00f3\u017cnych warunkach pracy, aby okre\u015bli\u0107 czy dana instalacja osi\u0105ga za\u0142o\u017cone projektowo parametry pracy.<\/p><p>Na podstawie do\u015bwiadczenia i pomiar\u00f3w oceniamy co zrobi\u0107 by zoptymalizowa\u0107 proces ch\u0142odniczy.<\/p>\t\t\t\t\t<\/div>\n\t\t\t\t\t\t<\/div>\n\t\t\t\t<\/div>\n\t\t\t\t\t\t<\/div>\n\t\t\t\t\t<\/div>\n\t\t<\/div>\n\t\t\t\t\t\t\t\t<\/div>\n\t\t\t\t\t<\/div>\n\t\t<\/section>\n\t\t\t\t\t\t<\/div>\n\t\t\t\t\t\t<\/div>\n\t\t\t\t\t<\/div>\n\t\t","protected":false},"excerpt":{"rendered":"<p>Ocena sprawno\u015bci uk\u0142ad\u00f3w ch\u0142odniczych Sprawdzamy dzia\u0142anie oraz utrzymanie parametr\u00f3w instalacji ch\u0142odniczych w r\u00f3\u017cnych warunkach pracy, aby okre\u015bli\u0107 czy dana instalacja osi\u0105ga za\u0142o\u017cone projektowo parametry pracy. Na podstawie do\u015bwiadczenia i pomiar\u00f3w oceniamy co zrobi\u0107 by zoptymalizowa\u0107 proces ch\u0142odniczy.<\/p>\n","protected":false},"author":1,"featured_media":0,"parent":0,"menu_order":0,"comment_status":"closed","ping_status":"closed","template":"elementor_header_footer","meta":[],"yoast_head":"<!-- This site is optimized with the Yoast SEO Premium plugin v16.9 (Yoast SEO v16.9) - https:\/\/yoast.com\/wordpress\/plugins\/seo\/ -->\n<title>Ocena sprawno\u015bci uk\u0142ad\u00f3w ch\u0142odniczych - Systemy Ch\u0142odnicze i Klimatyzacyjne<\/title>\n<meta name=\"robots\" content=\"index, follow, max-snippet:-1, max-image-preview:large, max-video-preview:-1\" \/>\n<link rel=\"canonical\" href=\"https:\/\/raiman.pl\/index.php\/ocena-sprawnosci-ukladow-chlodniczych\/\" \/>\n<meta property=\"og:locale\" content=\"pl_PL\" \/>\n<meta property=\"og:type\" content=\"article\" \/>\n<meta property=\"og:title\" content=\"Ocena sprawno\u015bci uk\u0142ad\u00f3w ch\u0142odniczych\" \/>\n<meta property=\"og:description\" content=\"Ocena sprawno\u015bci uk\u0142ad\u00f3w ch\u0142odniczych Sprawdzamy dzia\u0142anie oraz utrzymanie parametr\u00f3w instalacji ch\u0142odniczych w r\u00f3\u017cnych warunkach pracy, aby okre\u015bli\u0107 czy dana instalacja osi\u0105ga za\u0142o\u017cone projektowo parametry pracy. Na podstawie do\u015bwiadczenia i pomiar\u00f3w oceniamy co zrobi\u0107 by zoptymalizowa\u0107 proces ch\u0142odniczy.\" \/>\n<meta property=\"og:url\" content=\"https:\/\/raiman.pl\/index.php\/ocena-sprawnosci-ukladow-chlodniczych\/\" \/>\n<meta property=\"og:site_name\" content=\"Systemy Ch\u0142odnicze i Klimatyzacyjne\" \/>\n<meta property=\"article:modified_time\" content=\"2022-02-02T08:10:38+00:00\" \/>\n<meta property=\"og:image\" content=\"https:\/\/raiman.pl\/wp-content\/uploads\/2022\/01\/Ocena-sprawnosci-ukladow-chlodniczych.jpg\" \/>\n<meta name=\"twitter:card\" content=\"summary_large_image\" \/>\n<meta name=\"twitter:label1\" content=\"Szacowany czas czytania\" \/>\n\t<meta name=\"twitter:data1\" content=\"1 minuta\" \/>\n<script type=\"application\/ld+json\" class=\"yoast-schema-graph\">{\"@context\":\"https:\/\/schema.org\",\"@graph\":[{\"@type\":\"WebSite\",\"@id\":\"https:\/\/raiman.pl\/#website\",\"url\":\"https:\/\/raiman.pl\/\",\"name\":\"Systemy Ch\\u0142odnicze i Klimatyzacyjne\",\"description\":\"Marek Raiman\",\"potentialAction\":[{\"@type\":\"SearchAction\",\"target\":{\"@type\":\"EntryPoint\",\"urlTemplate\":\"https:\/\/raiman.pl\/?s={search_term_string}\"},\"query-input\":\"required name=search_term_string\"}],\"inLanguage\":\"pl-PL\"},{\"@type\":\"ImageObject\",\"@id\":\"https:\/\/raiman.pl\/index.php\/ocena-sprawnosci-ukladow-chlodniczych\/#primaryimage\",\"inLanguage\":\"pl-PL\",\"url\":\"https:\/\/raiman.pl\/wp-content\/uploads\/2022\/01\/Ocena-sprawnosci-ukladow-chlodniczych.jpg\",\"contentUrl\":\"https:\/\/raiman.pl\/wp-content\/uploads\/2022\/01\/Ocena-sprawnosci-ukladow-chlodniczych.jpg\",\"width\":800,\"height\":500},{\"@type\":\"WebPage\",\"@id\":\"https:\/\/raiman.pl\/index.php\/ocena-sprawnosci-ukladow-chlodniczych\/#webpage\",\"url\":\"https:\/\/raiman.pl\/index.php\/ocena-sprawnosci-ukladow-chlodniczych\/\",\"name\":\"Ocena sprawno\\u015bci uk\\u0142ad\\u00f3w ch\\u0142odniczych - Systemy Ch\\u0142odnicze i Klimatyzacyjne\",\"isPartOf\":{\"@id\":\"https:\/\/raiman.pl\/#website\"},\"primaryImageOfPage\":{\"@id\":\"https:\/\/raiman.pl\/index.php\/ocena-sprawnosci-ukladow-chlodniczych\/#primaryimage\"},\"datePublished\":\"2021-12-21T13:19:10+00:00\",\"dateModified\":\"2022-02-02T08:10:38+00:00\",\"breadcrumb\":{\"@id\":\"https:\/\/raiman.pl\/index.php\/ocena-sprawnosci-ukladow-chlodniczych\/#breadcrumb\"},\"inLanguage\":\"pl-PL\",\"potentialAction\":[{\"@type\":\"ReadAction\",\"target\":[\"https:\/\/raiman.pl\/index.php\/ocena-sprawnosci-ukladow-chlodniczych\/\"]}]},{\"@type\":\"BreadcrumbList\",\"@id\":\"https:\/\/raiman.pl\/index.php\/ocena-sprawnosci-ukladow-chlodniczych\/#breadcrumb\",\"itemListElement\":[{\"@type\":\"ListItem\",\"position\":1,\"name\":\"Home\",\"item\":\"https:\/\/raiman.pl\/\"},{\"@type\":\"ListItem\",\"position\":2,\"name\":\"Ocena sprawno\\u015bci uk\\u0142ad\\u00f3w ch\\u0142odniczych\"}]}]}<\/script>\n<!-- \/ Yoast SEO Premium plugin. -->","yoast_head_json":{"title":"Ocena sprawno\u015bci uk\u0142ad\u00f3w ch\u0142odniczych - Systemy Ch\u0142odnicze i Klimatyzacyjne","robots":{"index":"index","follow":"follow","max-snippet":"max-snippet:-1","max-image-preview":"max-image-preview:large","max-video-preview":"max-video-preview:-1"},"canonical":"https:\/\/raiman.pl\/index.php\/ocena-sprawnosci-ukladow-chlodniczych\/","og_locale":"pl_PL","og_type":"article","og_title":"Ocena sprawno\u015bci uk\u0142ad\u00f3w ch\u0142odniczych","og_description":"Ocena sprawno\u015bci uk\u0142ad\u00f3w ch\u0142odniczych Sprawdzamy dzia\u0142anie oraz utrzymanie parametr\u00f3w instalacji ch\u0142odniczych w r\u00f3\u017cnych warunkach pracy, aby okre\u015bli\u0107 czy dana instalacja osi\u0105ga za\u0142o\u017cone projektowo parametry pracy. Na podstawie do\u015bwiadczenia i pomiar\u00f3w oceniamy co zrobi\u0107 by zoptymalizowa\u0107 proces ch\u0142odniczy.","og_url":"https:\/\/raiman.pl\/index.php\/ocena-sprawnosci-ukladow-chlodniczych\/","og_site_name":"Systemy Ch\u0142odnicze i Klimatyzacyjne","article_modified_time":"2022-02-02T08:10:38+00:00","og_image":[{"url":"https:\/\/raiman.pl\/wp-content\/uploads\/2022\/01\/Ocena-sprawnosci-ukladow-chlodniczych.jpg"}],"twitter_card":"summary_large_image","twitter_misc":{"Szacowany czas czytania":"1 minuta"},"schema":{"@context":"https:\/\/schema.org","@graph":[{"@type":"WebSite","@id":"https:\/\/raiman.pl\/#website","url":"https:\/\/raiman.pl\/","name":"Systemy Ch\u0142odnicze i Klimatyzacyjne","description":"Marek Raiman","potentialAction":[{"@type":"SearchAction","target":{"@type":"EntryPoint","urlTemplate":"https:\/\/raiman.pl\/?s={search_term_string}"},"query-input":"required name=search_term_string"}],"inLanguage":"pl-PL"},{"@type":"ImageObject","@id":"https:\/\/raiman.pl\/index.php\/ocena-sprawnosci-ukladow-chlodniczych\/#primaryimage","inLanguage":"pl-PL","url":"https:\/\/raiman.pl\/wp-content\/uploads\/2022\/01\/Ocena-sprawnosci-ukladow-chlodniczych.jpg","contentUrl":"https:\/\/raiman.pl\/wp-content\/uploads\/2022\/01\/Ocena-sprawnosci-ukladow-chlodniczych.jpg","width":800,"height":500},{"@type":"WebPage","@id":"https:\/\/raiman.pl\/index.php\/ocena-sprawnosci-ukladow-chlodniczych\/#webpage","url":"https:\/\/raiman.pl\/index.php\/ocena-sprawnosci-ukladow-chlodniczych\/","name":"Ocena sprawno\u015bci uk\u0142ad\u00f3w ch\u0142odniczych - Systemy Ch\u0142odnicze i Klimatyzacyjne","isPartOf":{"@id":"https:\/\/raiman.pl\/#website"},"primaryImageOfPage":{"@id":"https:\/\/raiman.pl\/index.php\/ocena-sprawnosci-ukladow-chlodniczych\/#primaryimage"},"datePublished":"2021-12-21T13:19:10+00:00","dateModified":"2022-02-02T08:10:38+00:00","breadcrumb":{"@id":"https:\/\/raiman.pl\/index.php\/ocena-sprawnosci-ukladow-chlodniczych\/#breadcrumb"},"inLanguage":"pl-PL","potentialAction":[{"@type":"ReadAction","target":["https:\/\/raiman.pl\/index.php\/ocena-sprawnosci-ukladow-chlodniczych\/"]}]},{"@type":"BreadcrumbList","@id":"https:\/\/raiman.pl\/index.php\/ocena-sprawnosci-ukladow-chlodniczych\/#breadcrumb","itemListElement":[{"@type":"ListItem","position":1,"name":"Home","item":"https:\/\/raiman.pl\/"},{"@type":"ListItem","position":2,"name":"Ocena sprawno\u015bci uk\u0142ad\u00f3w ch\u0142odniczych"}]}]}},"_links":{"self":[{"href":"https:\/\/raiman.pl\/index.php\/wp-json\/wp\/v2\/pages\/142"}],"collection":[{"href":"https:\/\/raiman.pl\/index.php\/wp-json\/wp\/v2\/pages"}],"about":[{"href":"https:\/\/raiman.pl\/index.php\/wp-json\/wp\/v2\/types\/page"}],"author":[{"embeddable":true,"href":"https:\/\/raiman.pl\/index.php\/wp-json\/wp\/v2\/users\/1"}],"replies":[{"embeddable":true,"href":"https:\/\/raiman.pl\/index.php\/wp-json\/wp\/v2\/comments?post=142"}],"version-history":[{"count":40,"href":"https:\/\/raiman.pl\/index.php\/wp-json\/wp\/v2\/pages\/142\/revisions"}],"predecessor-version":[{"id":713,"href":"https:\/\/raiman.pl\/index.php\/wp-json\/wp\/v2\/pages\/142\/revisions\/713"}],"wp:attachment":[{"href":"https:\/\/raiman.pl\/index.php\/wp-json\/wp\/v2\/media?parent=142"}],"curies":[{"name":"wp","href":"https:\/\/api.w.org\/{rel}","templated":true}]}}